{"id":8,"date":"2022-12-14T15:55:47","date_gmt":"2022-12-14T15:55:47","guid":{"rendered":"https:\/\/apluslegal.eu\/?page_id=8"},"modified":"2025-01-07T20:47:46","modified_gmt":"2025-01-07T20:47:46","slug":"attivita","status":"publish","type":"page","link":"https:\/\/apluslegal.eu\/it\/attivita","title":{"rendered":"Attivit\u00e0"},"content":{"rendered":"\t\t<div data-elementor-type=\"wp-post\" data-elementor-id=\"8\" class=\"elementor elementor-8\" data-elementor-post-type=\"page\">\n\t\t\t\t\t\t<section class=\"elementor-section elementor-top-section elementor-element elementor-element-11e72a9 elementor-section-boxed elementor-section-height-default elementor-section-height-default\" data-id=\"11e72a9\" data-element_type=\"section\" data-e-type=\"section\">\n\t\t\t\t\t\t<div class=\"elementor-container elementor-column-gap-default\">\n\t\t\t\t\t<div class=\"elementor-column elementor-col-100 elementor-top-column elementor-element elementor-element-1ca7392\" data-id=\"1ca7392\" data-element_type=\"column\" data-e-type=\"column\" data-settings=\"{&quot;background_background&quot;:&quot;classic&quot;}\">\n\t\t\t<div class=\"elementor-widget-wrap elementor-element-populated\">\n\t\t\t\t\t\t\t<\/div>\n\t\t<\/div>\n\t\t\t\t\t<\/div>\n\t\t<\/section>\n\t\t\t\t<section class=\"elementor-section elementor-top-section elementor-element elementor-element-2c215f8 elementor-section-boxed elementor-section-height-default elementor-section-height-default\" data-id=\"2c215f8\" data-element_type=\"section\" data-e-type=\"section\">\n\t\t\t\t\t\t<div class=\"elementor-container elementor-column-gap-default\">\n\t\t\t\t\t<div class=\"elementor-column elementor-col-50 elementor-top-column elementor-element elementor-element-71de5e3\" data-id=\"71de5e3\" data-element_type=\"column\" data-e-type=\"column\">\n\t\t\t<div class=\"elementor-widget-wrap elementor-element-populated\">\n\t\t\t\t\t\t<div class=\"elementor-element elementor-element-86b6336 elementor-widget elementor-widget-image\" data-id=\"86b6336\" data-element_type=\"widget\" data-e-type=\"widget\" data-widget_type=\"image.default\">\n\t\t\t\t<div class=\"elementor-widget-container\">\n\t\t\t\t\t\t\t\t\t\t\t\t\t\t\t<img fetchpriority=\"high\" decoding=\"async\" width=\"512\" height=\"512\" src=\"https:\/\/apluslegal.eu\/wp-content\/uploads\/2023\/04\/download-3.png\" class=\"attachment-medium_large size-medium_large wp-image-1501\" alt=\"\" srcset=\"https:\/\/apluslegal.eu\/wp-content\/uploads\/2023\/04\/download-3.png 512w, https:\/\/apluslegal.eu\/wp-content\/uploads\/2023\/04\/download-3-300x300.png 300w, https:\/\/apluslegal.eu\/wp-content\/uploads\/2023\/04\/download-3-150x150.png 150w, https:\/\/apluslegal.eu\/wp-content\/uploads\/2023\/04\/download-3-12x12.png 12w\" sizes=\"(max-width: 512px) 100vw, 512px\" \/>\t\t\t\t\t\t\t\t\t\t\t\t\t\t\t<\/div>\n\t\t\t\t<\/div>\n\t\t\t\t\t<\/div>\n\t\t<\/div>\n\t\t\t\t<div class=\"elementor-column elementor-col-50 elementor-top-column elementor-element elementor-element-da86b8e\" data-id=\"da86b8e\" data-element_type=\"column\" data-e-type=\"column\">\n\t\t\t<div class=\"elementor-widget-wrap elementor-element-populated\">\n\t\t\t\t\t\t<div class=\"elementor-element elementor-element-8f1c704 elementor-widget elementor-widget-text-editor\" data-id=\"8f1c704\" data-element_type=\"widget\" data-e-type=\"widget\" data-widget_type=\"text-editor.default\">\n\t\t\t\t<div class=\"elementor-widget-container\">\n\t\t\t\t\t\t\t\t\t<h5><span style=\"vertical-align: inherit;\"><span style=\"vertical-align: inherit;\">A+ Legal fornisce un&#8217;assistenza legale altamente qualificata e trasversale, sia in ambito stragiudiziale che giudiziale, a PMI e multinazionali. \u00a0<\/span><\/span><\/h5><h3><span style=\"vertical-align: inherit;\"><span style=\"vertical-align: inherit;\">Lo studio ha inoltre maturato un&#8217;esperienza consolidata nell&#8217;assistenza a clienti privati nelle cosiddette imprese familiari.<\/span><\/span><\/h3>\t\t\t\t\t\t\t\t<\/div>\n\t\t\t\t<\/div>\n\t\t\t\t\t<\/div>\n\t\t<\/div>\n\t\t\t\t\t<\/div>\n\t\t<\/section>\n\t\t\t\t<section class=\"elementor-section elementor-top-section elementor-element elementor-element-12eb794e elementor-section-boxed elementor-section-height-default elementor-section-height-default\" data-id=\"12eb794e\" data-element_type=\"section\" data-e-type=\"section\">\n\t\t\t\t\t\t<div class=\"elementor-container elementor-column-gap-default\">\n\t\t\t\t\t<div class=\"elementor-column elementor-col-100 elementor-top-column elementor-element elementor-element-4e9437f\" data-id=\"4e9437f\" data-element_type=\"column\" data-e-type=\"column\" data-settings=\"{&quot;background_background&quot;:&quot;classic&quot;}\">\n\t\t\t<div class=\"elementor-widget-wrap elementor-element-populated\">\n\t\t\t\t\t\t<div class=\"elementor-element elementor-element-239ca6ef elementor-widget elementor-widget-text-editor\" data-id=\"239ca6ef\" data-element_type=\"widget\" data-e-type=\"widget\" data-widget_type=\"text-editor.default\">\n\t\t\t\t<div class=\"elementor-widget-container\">\n\t\t\t\t\t\t\t\t\t<p><span style=\"color: #ffffff;\">ATTIVIT\u00c0<\/span><\/p>\t\t\t\t\t\t\t\t<\/div>\n\t\t\t\t<\/div>\n\t\t\t\t\t<\/div>\n\t\t<\/div>\n\t\t\t\t\t<\/div>\n\t\t<\/section>\n\t\t\t\t<section class=\"elementor-section elementor-top-section elementor-element elementor-element-f665d4a elementor-section-content-middle elementor-section-boxed elementor-section-height-default elementor-section-height-default\" data-id=\"f665d4a\" data-element_type=\"section\" data-e-type=\"section\">\n\t\t\t\t\t\t<div class=\"elementor-container elementor-column-gap-narrow\">\n\t\t\t\t\t<div class=\"elementor-column elementor-col-33 elementor-top-column elementor-element elementor-element-e426dd9\" data-id=\"e426dd9\" data-element_type=\"column\" data-e-type=\"column\">\n\t\t\t<div class=\"elementor-widget-wrap elementor-element-populated\">\n\t\t\t\t\t\t<div class=\"elementor-element elementor-element-1756297 elementor-widget__width-initial elementor-widget elementor-widget-image\" data-id=\"1756297\" data-element_type=\"widget\" data-e-type=\"widget\" data-widget_type=\"image.default\">\n\t\t\t\t<div class=\"elementor-widget-container\">\n\t\t\t\t\t\t\t\t\t\t\t\t<figure class=\"wp-caption\">\n\t\t\t\t\t\t\t\t\t\t<img decoding=\"async\" width=\"300\" height=\"300\" src=\"https:\/\/apluslegal.eu\/wp-content\/uploads\/2023\/04\/6c0479b8-a4f2-4826-95af-8c7a14ca4bb3-300x300.png\" class=\"attachment-medium size-medium wp-image-1494\" alt=\"\" srcset=\"https:\/\/apluslegal.eu\/wp-content\/uploads\/2023\/04\/6c0479b8-a4f2-4826-95af-8c7a14ca4bb3-300x300.png 300w, https:\/\/apluslegal.eu\/wp-content\/uploads\/2023\/04\/6c0479b8-a4f2-4826-95af-8c7a14ca4bb3-150x150.png 150w, https:\/\/apluslegal.eu\/wp-content\/uploads\/2023\/04\/6c0479b8-a4f2-4826-95af-8c7a14ca4bb3-12x12.png 12w, https:\/\/apluslegal.eu\/wp-content\/uploads\/2023\/04\/6c0479b8-a4f2-4826-95af-8c7a14ca4bb3.png 512w\" sizes=\"(max-width: 300px) 100vw, 300px\" \/>\t\t\t\t\t\t\t\t\t\t\t<figcaption class=\"widget-image-caption wp-caption-text\">Corporate M&amp;A<\/figcaption>\n\t\t\t\t\t\t\t\t\t\t<\/figure>\n\t\t\t\t\t\t\t\t\t<\/div>\n\t\t\t\t<\/div>\n\t\t\t\t\t<\/div>\n\t\t<\/div>\n\t\t\t\t<div class=\"elementor-column elementor-col-66 elementor-top-column elementor-element elementor-element-dfa7f13\" data-id=\"dfa7f13\" data-element_type=\"column\" data-e-type=\"column\">\n\t\t\t<div class=\"elementor-widget-wrap elementor-element-populated\">\n\t\t\t\t\t\t<div class=\"elementor-element elementor-element-abf01d5 elementor-widget elementor-widget-text-editor\" data-id=\"abf01d5\" data-element_type=\"widget\" data-e-type=\"widget\" data-widget_type=\"text-editor.default\">\n\t\t\t\t<div class=\"elementor-widget-container\">\n\t\t\t\t\t\t\t\t\t<h6>Nel settore del Corporate\/M&amp;A, i professionisti di A+Legal si distinguono per la loro abilit\u00e0 nel gestire operazioni straordinarie complesse, sia in fase di espansione che di riorganizzazione societaria, anche in contesti di crisi<\/h6><h6>Grazie alla loro vasta esperienza, conoscenza approfondita del settore e dedizione al successo dei clienti, i professionisti di A+Legal sono in grado di affrontare le sfide pi\u00f9 complesse, fornendo soluzioni innovative e strategie personalizzate per garantire risultati ottimali<\/h6>\t\t\t\t\t\t\t\t<\/div>\n\t\t\t\t<\/div>\n\t\t\t\t\t<\/div>\n\t\t<\/div>\n\t\t\t\t\t<\/div>\n\t\t<\/section>\n\t\t\t\t<section class=\"elementor-section elementor-top-section elementor-element elementor-element-ba2f72c elementor-section-content-middle elementor-section-boxed elementor-section-height-default elementor-section-height-default\" data-id=\"ba2f72c\" data-element_type=\"section\" data-e-type=\"section\">\n\t\t\t\t\t\t<div class=\"elementor-container elementor-column-gap-narrow\">\n\t\t\t\t\t<div class=\"elementor-column elementor-col-33 elementor-top-column elementor-element elementor-element-2d1f18c\" data-id=\"2d1f18c\" data-element_type=\"column\" data-e-type=\"column\">\n\t\t\t<div class=\"elementor-widget-wrap elementor-element-populated\">\n\t\t\t\t\t\t<div class=\"elementor-element elementor-element-472a925 elementor-widget__width-initial elementor-widget elementor-widget-image\" data-id=\"472a925\" data-element_type=\"widget\" data-e-type=\"widget\" data-widget_type=\"image.default\">\n\t\t\t\t<div class=\"elementor-widget-container\">\n\t\t\t\t\t\t\t\t\t\t\t\t<figure class=\"wp-caption\">\n\t\t\t\t\t\t\t\t\t\t<img decoding=\"async\" width=\"300\" height=\"300\" src=\"https:\/\/apluslegal.eu\/wp-content\/uploads\/2023\/04\/download-6-300x300.png\" class=\"attachment-medium size-medium wp-image-1567\" alt=\"\" srcset=\"https:\/\/apluslegal.eu\/wp-content\/uploads\/2023\/04\/download-6-300x300.png 300w, https:\/\/apluslegal.eu\/wp-content\/uploads\/2023\/04\/download-6-150x150.png 150w, https:\/\/apluslegal.eu\/wp-content\/uploads\/2023\/04\/download-6-12x12.png 12w, https:\/\/apluslegal.eu\/wp-content\/uploads\/2023\/04\/download-6.png 512w\" sizes=\"(max-width: 300px) 100vw, 300px\" \/>\t\t\t\t\t\t\t\t\t\t\t<figcaption class=\"widget-image-caption wp-caption-text\">Contenzioso<\/figcaption>\n\t\t\t\t\t\t\t\t\t\t<\/figure>\n\t\t\t\t\t\t\t\t\t<\/div>\n\t\t\t\t<\/div>\n\t\t\t\t\t<\/div>\n\t\t<\/div>\n\t\t\t\t<div class=\"elementor-column elementor-col-66 elementor-top-column elementor-element elementor-element-41628d6\" data-id=\"41628d6\" data-element_type=\"column\" data-e-type=\"column\">\n\t\t\t<div class=\"elementor-widget-wrap elementor-element-populated\">\n\t\t\t\t\t\t<div class=\"elementor-element elementor-element-3657b9c elementor-widget elementor-widget-text-editor\" data-id=\"3657b9c\" data-element_type=\"widget\" data-e-type=\"widget\" data-widget_type=\"text-editor.default\">\n\t\t\t\t<div class=\"elementor-widget-container\">\n\t\t\t\t\t\t\t\t\t<h6>A+ Legal eccelle anche grazie all\u2019expertise contenzioso e ADR,\u00a0accompagnando i clienti nell&#8217;analisi dei rischi e offrendo piena assistenza per la difesa pi\u00f9 efficace<span style=\"color: var( --e-global-color-primary );\">\u00a0<\/span>anche procedimenti pi\u00f9 complessi e delicati con un supporto costante lungo l\u2019intero giudizio<\/h6><h6>I professionisti del dipartimento contenzioso e ADR svolgono un ruolo essenziale nell\u2019analisi critica di ogni posizione gestita dallo studio, ponendo sempre particolare attenzione ai profili di eventuale responsabilit\u00e0 degli amministratori, spesso troppo sottovalutati<\/h6>\t\t\t\t\t\t\t\t<\/div>\n\t\t\t\t<\/div>\n\t\t\t\t\t<\/div>\n\t\t<\/div>\n\t\t\t\t\t<\/div>\n\t\t<\/section>\n\t\t\t\t<section class=\"elementor-section elementor-top-section elementor-element elementor-element-21d9289 elementor-section-content-middle elementor-section-boxed elementor-section-height-default elementor-section-height-default\" data-id=\"21d9289\" data-element_type=\"section\" data-e-type=\"section\">\n\t\t\t\t\t\t<div class=\"elementor-container elementor-column-gap-narrow\">\n\t\t\t\t\t<div class=\"elementor-column elementor-col-33 elementor-top-column elementor-element elementor-element-3a9cd9b\" data-id=\"3a9cd9b\" data-element_type=\"column\" data-e-type=\"column\">\n\t\t\t<div class=\"elementor-widget-wrap elementor-element-populated\">\n\t\t\t\t\t\t<div class=\"elementor-element elementor-element-d0bd609 elementor-widget__width-initial elementor-widget elementor-widget-image\" data-id=\"d0bd609\" data-element_type=\"widget\" data-e-type=\"widget\" data-widget_type=\"image.default\">\n\t\t\t\t<div class=\"elementor-widget-container\">\n\t\t\t\t\t\t\t\t\t\t\t\t<figure class=\"wp-caption\">\n\t\t\t\t\t\t\t\t\t\t<img loading=\"lazy\" decoding=\"async\" width=\"300\" height=\"300\" src=\"https:\/\/apluslegal.eu\/wp-content\/uploads\/2023\/04\/download-7-300x300.png\" class=\"attachment-medium size-medium wp-image-1588\" alt=\"\" srcset=\"https:\/\/apluslegal.eu\/wp-content\/uploads\/2023\/04\/download-7-300x300.png 300w, https:\/\/apluslegal.eu\/wp-content\/uploads\/2023\/04\/download-7-150x150.png 150w, https:\/\/apluslegal.eu\/wp-content\/uploads\/2023\/04\/download-7-12x12.png 12w, https:\/\/apluslegal.eu\/wp-content\/uploads\/2023\/04\/download-7.png 512w\" sizes=\"(max-width: 300px) 100vw, 300px\" \/>\t\t\t\t\t\t\t\t\t\t\t<figcaption class=\"widget-image-caption wp-caption-text\">Crisi d'impresa<\/figcaption>\n\t\t\t\t\t\t\t\t\t\t<\/figure>\n\t\t\t\t\t\t\t\t\t<\/div>\n\t\t\t\t<\/div>\n\t\t\t\t\t<\/div>\n\t\t<\/div>\n\t\t\t\t<div class=\"elementor-column elementor-col-66 elementor-top-column elementor-element elementor-element-0702f7a\" data-id=\"0702f7a\" data-element_type=\"column\" data-e-type=\"column\">\n\t\t\t<div class=\"elementor-widget-wrap elementor-element-populated\">\n\t\t\t\t\t\t<div class=\"elementor-element elementor-element-4b24600 elementor-widget elementor-widget-text-editor\" data-id=\"4b24600\" data-element_type=\"widget\" data-e-type=\"widget\" data-widget_type=\"text-editor.default\">\n\t\t\t\t<div class=\"elementor-widget-container\">\n\t\t\t\t\t\t\t\t\t<h6>A+ Legal ha maturato una grande esperienza nell&#8217;ambito della gestione della crisi d\u2019impresa e dell&#8217;insolvenza. Con una profonda conoscenza del nuovo codice della crisi d&#8217;impresa e dell&#8217;insolvenza, lo studio \u00e8 in grado di offrire soluzioni innovative per affrontare in modo efficace anche le sfide pi\u00f9 complesse<\/h6><h6>Dall\u2019individuazione all&#8217;implementazione delle procedure pi\u00f9 adeguate passando per la tutela degli amministratori, A+ Legal si pone come un punto di riferimento per tutti i tipi di crisi e di insolvenza, anche di gruppo\u00a0<\/h6>\t\t\t\t\t\t\t\t<\/div>\n\t\t\t\t<\/div>\n\t\t\t\t\t<\/div>\n\t\t<\/div>\n\t\t\t\t\t<\/div>\n\t\t<\/section>\n\t\t\t\t<section class=\"elementor-section elementor-top-section elementor-element elementor-element-0d560fe elementor-section-content-middle elementor-section-boxed elementor-section-height-default elementor-section-height-default\" data-id=\"0d560fe\" data-element_type=\"section\" data-e-type=\"section\">\n\t\t\t\t\t\t<div class=\"elementor-container elementor-column-gap-narrow\">\n\t\t\t\t\t<div class=\"elementor-column elementor-col-33 elementor-top-column elementor-element elementor-element-7b3a3a7\" data-id=\"7b3a3a7\" data-element_type=\"column\" data-e-type=\"column\">\n\t\t\t<div class=\"elementor-widget-wrap elementor-element-populated\">\n\t\t\t\t\t\t<div class=\"elementor-element elementor-element-d7c557e elementor-widget__width-initial elementor-widget elementor-widget-image\" data-id=\"d7c557e\" data-element_type=\"widget\" data-e-type=\"widget\" data-widget_type=\"image.default\">\n\t\t\t\t<div class=\"elementor-widget-container\">\n\t\t\t\t\t\t\t\t\t\t\t\t<figure class=\"wp-caption\">\n\t\t\t\t\t\t\t\t\t\t<img loading=\"lazy\" decoding=\"async\" width=\"300\" height=\"300\" src=\"https:\/\/apluslegal.eu\/wp-content\/uploads\/2023\/04\/ee99c72b-1132-464d-a878-a9a331cae191-300x300.png\" class=\"attachment-medium size-medium wp-image-1442\" alt=\"\" srcset=\"https:\/\/apluslegal.eu\/wp-content\/uploads\/2023\/04\/ee99c72b-1132-464d-a878-a9a331cae191-300x300.png 300w, https:\/\/apluslegal.eu\/wp-content\/uploads\/2023\/04\/ee99c72b-1132-464d-a878-a9a331cae191-150x150.png 150w, https:\/\/apluslegal.eu\/wp-content\/uploads\/2023\/04\/ee99c72b-1132-464d-a878-a9a331cae191-12x12.png 12w, https:\/\/apluslegal.eu\/wp-content\/uploads\/2023\/04\/ee99c72b-1132-464d-a878-a9a331cae191.png 512w\" sizes=\"(max-width: 300px) 100vw, 300px\" \/>\t\t\t\t\t\t\t\t\t\t\t<figcaption class=\"widget-image-caption wp-caption-text\">Private Practice <\/figcaption>\n\t\t\t\t\t\t\t\t\t\t<\/figure>\n\t\t\t\t\t\t\t\t\t<\/div>\n\t\t\t\t<\/div>\n\t\t\t\t\t<\/div>\n\t\t<\/div>\n\t\t\t\t<div class=\"elementor-column elementor-col-66 elementor-top-column elementor-element elementor-element-9ed76f4\" data-id=\"9ed76f4\" data-element_type=\"column\" data-e-type=\"column\">\n\t\t\t<div class=\"elementor-widget-wrap elementor-element-populated\">\n\t\t\t\t\t\t<div class=\"elementor-element elementor-element-c46b4c1 elementor-widget elementor-widget-text-editor\" data-id=\"c46b4c1\" data-element_type=\"widget\" data-e-type=\"widget\" data-widget_type=\"text-editor.default\">\n\t\t\t\t<div class=\"elementor-widget-container\">\n\t\t\t\t\t\t\t\t\t<h6>L\u2019assistenza a clientela privata nell\u2019ambito della gestione e tutela di patrimoni familiari, pianificazione e realizzazione di passaggi generazionali o gestione di complesse e, a volte, litigiose successioni rappresenta un\u2019area di grande passione e interesse per i professionisti di A+ Legal<\/h6><h6>Grazie all&#8217;esperienza anche notarile dei suoi professionisti e al loro approccio empatico che gli permette di comprendere a fondo le aspettative dei suoi clienti, A+ Legal \u00e8 in grado di offrire un servizio completo e di alta qualit\u00e0 anche con riferimento al delicato ambito del c.d. family business<\/h6>\t\t\t\t\t\t\t\t<\/div>\n\t\t\t\t<\/div>\n\t\t\t\t\t<\/div>\n\t\t<\/div>\n\t\t\t\t\t<\/div>\n\t\t<\/section>\n\t\t\t\t<section class=\"elementor-section elementor-top-section elementor-element elementor-element-78d3d25 elementor-section-content-middle elementor-section-boxed elementor-section-height-default elementor-section-height-default\" data-id=\"78d3d25\" data-element_type=\"section\" data-e-type=\"section\">\n\t\t\t\t\t\t<div class=\"elementor-container elementor-column-gap-narrow\">\n\t\t\t\t\t<div class=\"elementor-column elementor-col-33 elementor-top-column elementor-element elementor-element-3b9156d\" data-id=\"3b9156d\" data-element_type=\"column\" data-e-type=\"column\">\n\t\t\t<div class=\"elementor-widget-wrap elementor-element-populated\">\n\t\t\t\t\t\t<div class=\"elementor-element elementor-element-9cb74f4 elementor-widget__width-initial elementor-widget elementor-widget-image\" data-id=\"9cb74f4\" data-element_type=\"widget\" data-e-type=\"widget\" data-widget_type=\"image.default\">\n\t\t\t\t<div class=\"elementor-widget-container\">\n\t\t\t\t\t\t\t\t\t\t\t\t<figure class=\"wp-caption\">\n\t\t\t\t\t\t\t\t\t\t<img loading=\"lazy\" decoding=\"async\" width=\"300\" height=\"300\" src=\"https:\/\/apluslegal.eu\/wp-content\/uploads\/2023\/04\/35468878-e607-462d-9257-fc772e64281b-300x300.png\" class=\"attachment-medium size-medium wp-image-1485\" alt=\"\" srcset=\"https:\/\/apluslegal.eu\/wp-content\/uploads\/2023\/04\/35468878-e607-462d-9257-fc772e64281b-300x300.png 300w, https:\/\/apluslegal.eu\/wp-content\/uploads\/2023\/04\/35468878-e607-462d-9257-fc772e64281b-150x150.png 150w, https:\/\/apluslegal.eu\/wp-content\/uploads\/2023\/04\/35468878-e607-462d-9257-fc772e64281b-12x12.png 12w, https:\/\/apluslegal.eu\/wp-content\/uploads\/2023\/04\/35468878-e607-462d-9257-fc772e64281b.png 512w\" sizes=\"(max-width: 300px) 100vw, 300px\" \/>\t\t\t\t\t\t\t\t\t\t\t<figcaption class=\"widget-image-caption wp-caption-text\">Compliance<\/figcaption>\n\t\t\t\t\t\t\t\t\t\t<\/figure>\n\t\t\t\t\t\t\t\t\t<\/div>\n\t\t\t\t<\/div>\n\t\t\t\t\t<\/div>\n\t\t<\/div>\n\t\t\t\t<div class=\"elementor-column elementor-col-66 elementor-top-column elementor-element elementor-element-a4fddf9\" data-id=\"a4fddf9\" data-element_type=\"column\" data-e-type=\"column\">\n\t\t\t<div class=\"elementor-widget-wrap elementor-element-populated\">\n\t\t\t\t\t\t<div class=\"elementor-element elementor-element-b7d5d10 elementor-widget elementor-widget-text-editor\" data-id=\"b7d5d10\" data-element_type=\"widget\" data-e-type=\"widget\" data-widget_type=\"text-editor.default\">\n\t\t\t\t<div class=\"elementor-widget-container\">\n\t\t\t\t\t\t\t\t\t<h6>La normativa in materia di compliance \u00e8 complessa e articolata, e ci\u00f2 espone gli imprenditori a rischi, anche personali. Per questo il team di A+ Legal include professionisti in grado di rispondere anche a queste esigenze assistendo i clienti nella redazione di policy aziendali, modelli organizzativi e procedure privacy<\/h6><h6>In questo modo, i clienti di A+ Legal possono concentrarsi sulle loro attivit\u00e0 principali con la tranquillit\u00e0 di essere adeguatamente protetti<\/h6>\t\t\t\t\t\t\t\t<\/div>\n\t\t\t\t<\/div>\n\t\t\t\t\t<\/div>\n\t\t<\/div>\n\t\t\t\t\t<\/div>\n\t\t<\/section>\n\t\t\t\t<section class=\"elementor-section elementor-top-section elementor-element elementor-element-b3e1981 elementor-section-content-middle elementor-section-boxed elementor-section-height-default elementor-section-height-default\" data-id=\"b3e1981\" data-element_type=\"section\" data-e-type=\"section\">\n\t\t\t\t\t\t<div class=\"elementor-container elementor-column-gap-narrow\">\n\t\t\t\t\t<div class=\"elementor-column elementor-col-33 elementor-top-column elementor-element elementor-element-854c0b8\" data-id=\"854c0b8\" data-element_type=\"column\" data-e-type=\"column\">\n\t\t\t<div class=\"elementor-widget-wrap elementor-element-populated\">\n\t\t\t\t\t\t<div class=\"elementor-element elementor-element-137147a elementor-widget__width-initial elementor-widget elementor-widget-image\" data-id=\"137147a\" data-element_type=\"widget\" data-e-type=\"widget\" data-widget_type=\"image.default\">\n\t\t\t\t<div class=\"elementor-widget-container\">\n\t\t\t\t\t\t\t\t\t\t\t\t<figure class=\"wp-caption\">\n\t\t\t\t\t\t\t\t\t\t<img loading=\"lazy\" decoding=\"async\" width=\"300\" height=\"300\" src=\"https:\/\/apluslegal.eu\/wp-content\/uploads\/2023\/04\/232ec53b-ca58-4529-8fc9-152edac2e657-300x300.png\" class=\"attachment-medium size-medium wp-image-1506\" alt=\"\" srcset=\"https:\/\/apluslegal.eu\/wp-content\/uploads\/2023\/04\/232ec53b-ca58-4529-8fc9-152edac2e657-300x300.png 300w, https:\/\/apluslegal.eu\/wp-content\/uploads\/2023\/04\/232ec53b-ca58-4529-8fc9-152edac2e657-150x150.png 150w, https:\/\/apluslegal.eu\/wp-content\/uploads\/2023\/04\/232ec53b-ca58-4529-8fc9-152edac2e657-12x12.png 12w, https:\/\/apluslegal.eu\/wp-content\/uploads\/2023\/04\/232ec53b-ca58-4529-8fc9-152edac2e657.png 512w\" sizes=\"(max-width: 300px) 100vw, 300px\" \/>\t\t\t\t\t\t\t\t\t\t\t<figcaption class=\"widget-image-caption wp-caption-text\">French Desk <\/figcaption>\n\t\t\t\t\t\t\t\t\t\t<\/figure>\n\t\t\t\t\t\t\t\t\t<\/div>\n\t\t\t\t<\/div>\n\t\t\t\t\t<\/div>\n\t\t<\/div>\n\t\t\t\t<div class=\"elementor-column elementor-col-66 elementor-top-column elementor-element elementor-element-a18771e\" data-id=\"a18771e\" data-element_type=\"column\" data-e-type=\"column\">\n\t\t\t<div class=\"elementor-widget-wrap elementor-element-populated\">\n\t\t\t\t\t\t<div class=\"elementor-element elementor-element-cef7eba elementor-widget elementor-widget-text-editor\" data-id=\"cef7eba\" data-element_type=\"widget\" data-e-type=\"widget\" data-widget_type=\"text-editor.default\">\n\t\t\t\t<div class=\"elementor-widget-container\">\n\t\t\t\t\t\t\t\t\t<h6 style=\"text-align: left;\"><span style=\"vertical-align: inherit;\"><span style=\"vertical-align: inherit;\">A+ Legal a mis en place un desk avec des professionnels natifs francophones pour r\u00e9pondre aux besoins de ses clients francophones<\/span><\/span><\/h6><h6><span style=\"vertical-align: inherit;\"><span class=\"VIpgJd-yAWNEb-VIpgJd-fmcmS-sn54Q\" style=\"vertical-align: inherit;\">Le French desk accompagne les entreprises fran\u00e7aises dans leurs op\u00e9rations de d\u00e9veloppement en Italie et dans leurs \u00e9ventuelles d\u00e9marches. Il se distingue par sa comp\u00e9tence et sa connaissance de la langue et de la culture fran\u00e7aise, indispensables pour bien comprendre et satisfaire les attentes et objectifs de ses clients fran\u00e7ais.<\/span><\/span><\/h6>\t\t\t\t\t\t\t\t<\/div>\n\t\t\t\t<\/div>\n\t\t\t\t\t<\/div>\n\t\t<\/div>\n\t\t\t\t\t<\/div>\n\t\t<\/section>\n\t\t\t\t<section class=\"elementor-section elementor-top-section elementor-element elementor-element-06cb0ad elementor-section-boxed elementor-section-height-default elementor-section-height-default\" data-id=\"06cb0ad\" data-element_type=\"section\" data-e-type=\"section\">\n\t\t\t\t\t\t<div class=\"elementor-container elementor-column-gap-default\">\n\t\t\t\t\t<div class=\"elementor-column elementor-col-100 elementor-top-column elementor-element elementor-element-ea82a59\" data-id=\"ea82a59\" data-element_type=\"column\" data-e-type=\"column\" data-settings=\"{&quot;background_background&quot;:&quot;classic&quot;}\">\n\t\t\t<div class=\"elementor-widget-wrap elementor-element-populated\">\n\t\t\t\t\t\t\t<\/div>\n\t\t<\/div>\n\t\t\t\t\t<\/div>\n\t\t<\/section>\n\t\t\t\t<section class=\"elementor-section elementor-top-section elementor-element elementor-element-c7c1558 elementor-section-boxed elementor-section-height-default elementor-section-height-default\" data-id=\"c7c1558\" data-element_type=\"section\" data-e-type=\"section\">\n\t\t\t\t\t\t<div class=\"elementor-container elementor-column-gap-default\">\n\t\t\t\t\t<div class=\"elementor-column elementor-col-100 elementor-top-column elementor-element elementor-element-3680e23\" data-id=\"3680e23\" data-element_type=\"column\" data-e-type=\"column\">\n\t\t\t<div class=\"elementor-widget-wrap\">\n\t\t\t\t\t\t\t<\/div>\n\t\t<\/div>\n\t\t\t\t\t<\/div>\n\t\t<\/section>\n\t\t\t\t<\/div>\n\t\t","protected":false},"excerpt":{"rendered":"<p>A+ Legal fornisce un&#8217;assistenza legale altamente qualificata e trasversale, sia in ambito stragiudiziale che giudiziale, a PMI e multinazionali. \u00a0 Lo studio ha inoltre maturato un&#8217;esperienza consolidata nell&#8217;assistenza a clienti privati nelle cosiddette imprese familiari. ATTIVIT\u00c0 Corporate M&amp;A Nel settore del Corporate\/M&amp;A, i professionisti di A+Legal si distinguono per la loro abilit\u00e0 nel gestire operazioni [&hellip;]<\/p>\n","protected":false},"author":1,"featured_media":0,"parent":0,"menu_order":0,"comment_status":"closed","ping_status":"closed","template":"","meta":{"footnotes":""},"class_list":["post-8","page","type-page","status-publish","hentry"],"_links":{"self":[{"href":"https:\/\/apluslegal.eu\/it\/wp-json\/wp\/v2\/pages\/8","targetHints":{"allow":["GET"]}}],"collection":[{"href":"https:\/\/apluslegal.eu\/it\/wp-json\/wp\/v2\/pages"}],"about":[{"href":"https:\/\/apluslegal.eu\/it\/wp-json\/wp\/v2\/types\/page"}],"author":[{"embeddable":true,"href":"https:\/\/apluslegal.eu\/it\/wp-json\/wp\/v2\/users\/1"}],"replies":[{"embeddable":true,"href":"https:\/\/apluslegal.eu\/it\/wp-json\/wp\/v2\/comments?post=8"}],"version-history":[{"count":382,"href":"https:\/\/apluslegal.eu\/it\/wp-json\/wp\/v2\/pages\/8\/revisions"}],"predecessor-version":[{"id":2063,"href":"https:\/\/apluslegal.eu\/it\/wp-json\/wp\/v2\/pages\/8\/revisions\/2063"}],"wp:attachment":[{"href":"https:\/\/apluslegal.eu\/it\/wp-json\/wp\/v2\/media?parent=8"}],"curies":[{"name":"wp","href":"https:\/\/api.w.org\/{rel}","templated":true}]}}