{"id":251,"date":"2022-12-20T14:59:58","date_gmt":"2022-12-20T14:59:58","guid":{"rendered":"https:\/\/apluslegal.eu\/?page_id=251"},"modified":"2023-12-09T20:39:24","modified_gmt":"2023-12-09T20:39:24","slug":"elementor-251","status":"publish","type":"page","link":"https:\/\/apluslegal.eu\/it\/elementor-251","title":{"rendered":"Privacy Policy"},"content":{"rendered":"\t\t<div data-elementor-type=\"wp-post\" data-elementor-id=\"251\" class=\"elementor elementor-251\" data-elementor-post-type=\"page\">\n\t\t\t\t\t\t<section class=\"elementor-section elementor-top-section elementor-element elementor-element-2df8110 elementor-section-boxed elementor-section-height-default elementor-section-height-default\" data-id=\"2df8110\" data-element_type=\"section\" data-e-type=\"section\">\n\t\t\t\t\t\t<div class=\"elementor-container elementor-column-gap-default\">\n\t\t\t\t\t<div class=\"elementor-column elementor-col-100 elementor-top-column elementor-element elementor-element-fef0a5d\" data-id=\"fef0a5d\" data-element_type=\"column\" data-e-type=\"column\" data-settings=\"{&quot;background_background&quot;:&quot;classic&quot;}\">\n\t\t\t<div class=\"elementor-widget-wrap elementor-element-populated\">\n\t\t\t\t\t\t\t<\/div>\n\t\t<\/div>\n\t\t\t\t\t<\/div>\n\t\t<\/section>\n\t\t\t\t<section class=\"elementor-section elementor-top-section elementor-element elementor-element-25b8b7f elementor-section-boxed elementor-section-height-default elementor-section-height-default\" data-id=\"25b8b7f\" data-element_type=\"section\" data-e-type=\"section\">\n\t\t\t\t\t\t<div class=\"elementor-container elementor-column-gap-default\">\n\t\t\t\t\t<div class=\"elementor-column elementor-col-50 elementor-top-column elementor-element elementor-element-23a2883\" data-id=\"23a2883\" data-element_type=\"column\" data-e-type=\"column\">\n\t\t\t<div class=\"elementor-widget-wrap elementor-element-populated\">\n\t\t\t\t\t\t<div class=\"elementor-element elementor-element-7f09710 elementor-widget elementor-widget-image\" data-id=\"7f09710\" data-element_type=\"widget\" data-e-type=\"widget\" data-widget_type=\"image.default\">\n\t\t\t\t<div class=\"elementor-widget-container\">\n\t\t\t\t\t\t\t\t\t\t\t\t\t\t\t<img fetchpriority=\"high\" decoding=\"async\" width=\"800\" height=\"800\" src=\"https:\/\/apluslegal.eu\/wp-content\/uploads\/2023\/04\/document-2.png\" class=\"attachment-large size-large wp-image-1446\" alt=\"\" srcset=\"https:\/\/apluslegal.eu\/wp-content\/uploads\/2023\/04\/document-2.png 1024w, https:\/\/apluslegal.eu\/wp-content\/uploads\/2023\/04\/document-2-300x300.png 300w, https:\/\/apluslegal.eu\/wp-content\/uploads\/2023\/04\/document-2-150x150.png 150w, https:\/\/apluslegal.eu\/wp-content\/uploads\/2023\/04\/document-2-768x768.png 768w, https:\/\/apluslegal.eu\/wp-content\/uploads\/2023\/04\/document-2-12x12.png 12w\" sizes=\"(max-width: 800px) 100vw, 800px\" \/>\t\t\t\t\t\t\t\t\t\t\t\t\t\t\t<\/div>\n\t\t\t\t<\/div>\n\t\t\t\t\t<\/div>\n\t\t<\/div>\n\t\t\t\t<div class=\"elementor-column elementor-col-50 elementor-top-column elementor-element elementor-element-ee5435c\" data-id=\"ee5435c\" data-element_type=\"column\" data-e-type=\"column\">\n\t\t\t<div class=\"elementor-widget-wrap elementor-element-populated\">\n\t\t\t\t\t\t<div class=\"elementor-element elementor-element-3080534 elementor-widget elementor-widget-text-editor\" data-id=\"3080534\" data-element_type=\"widget\" data-e-type=\"widget\" data-widget_type=\"text-editor.default\">\n\t\t\t\t<div class=\"elementor-widget-container\">\n\t\t\t\t\t\t\t\t\t<h5>In A+ Legal, la tutela dei dati personali dei clienti \u00e8 una priorit\u00e0. Abbiamo sviluppato una policy sulla privacy completa e trasparente per garantire che i vostri dati siano sempre trattati con il massimo rispetto e in conformit\u00e0 con le normative vigenti.<\/h5>\n<h3>In questa sezione troverete tutte le informazioni necessarie per comprendere come gestiamo i vostri dati e quali sono i vostri diritti. Vi invitiamo a leggerle attentamente e a contattarci per qualsiasi domanda o chiarimento. La vostra fiducia \u00e8 importante per noi e faremo sempre il possibile per meritarla<\/h3>\t\t\t\t\t\t\t\t<\/div>\n\t\t\t\t<\/div>\n\t\t\t\t\t<\/div>\n\t\t<\/div>\n\t\t\t\t\t<\/div>\n\t\t<\/section>\n\t\t\t\t<section class=\"elementor-section elementor-top-section elementor-element elementor-element-150b6ff0 elementor-section-height-min-height elementor-section-boxed elementor-section-height-default elementor-section-items-middle\" data-id=\"150b6ff0\" data-element_type=\"section\" data-e-type=\"section\">\n\t\t\t\t\t\t<div class=\"elementor-container elementor-column-gap-default\">\n\t\t\t\t\t<div class=\"elementor-column elementor-col-100 elementor-top-column elementor-element elementor-element-5237d046\" data-id=\"5237d046\" data-element_type=\"column\" data-e-type=\"column\" data-settings=\"{&quot;background_background&quot;:&quot;classic&quot;}\">\n\t\t\t<div class=\"elementor-widget-wrap elementor-element-populated\">\n\t\t\t\t\t\t<div class=\"elementor-element elementor-element-44c5918d elementor-widget elementor-widget-text-editor\" data-id=\"44c5918d\" data-element_type=\"widget\" data-e-type=\"widget\" data-widget_type=\"text-editor.default\">\n\t\t\t\t<div class=\"elementor-widget-container\">\n\t\t\t\t\t\t\t\t\t<p><span style=\"color: #ffffff;\">PRIVACY POLICY\u00a0<\/span><\/p>\t\t\t\t\t\t\t\t<\/div>\n\t\t\t\t<\/div>\n\t\t\t\t\t<\/div>\n\t\t<\/div>\n\t\t\t\t\t<\/div>\n\t\t<\/section>\n\t\t\t\t<section class=\"elementor-section elementor-top-section elementor-element elementor-element-c87a368 elementor-section-boxed elementor-section-height-default elementor-section-height-default\" data-id=\"c87a368\" data-element_type=\"section\" data-e-type=\"section\">\n\t\t\t\t\t\t<div class=\"elementor-container elementor-column-gap-default\">\n\t\t\t\t\t<div class=\"elementor-column elementor-col-100 elementor-top-column elementor-element elementor-element-7d6b386\" data-id=\"7d6b386\" data-element_type=\"column\" data-e-type=\"column\">\n\t\t\t<div class=\"elementor-widget-wrap elementor-element-populated\">\n\t\t\t\t\t\t<div class=\"elementor-element elementor-element-dbfd5cb elementor-widget elementor-widget-text-editor\" data-id=\"dbfd5cb\" data-element_type=\"widget\" data-e-type=\"widget\" data-widget_type=\"text-editor.default\">\n\t\t\t\t<div class=\"elementor-widget-container\">\n\t\t\t\t\t\t\t\t\t<h3><b><em>Informazioni sul trattamento dei dati personali ai sensi dell\u2019art. 13 del Regolamento europeo n. 679\/2016<\/em><\/b><\/h3>\n<h3>Ai sensi del Regolamento (UE) 2016\/679 (di seguito \u201cRegolamento\u201d), questa pagina descrive le modalit\u00e0 di trattamento dei dati personali degli utenti che consultano il sito web www.apluslegal.eu&nbsp;<\/h3>\n<h3><span id=\"Titolare-del-trattamento-e-relativi-dati-di-contatto\">Titolare del trattamento e relativi dati di contatto<\/span><\/h3>\n<h3>Il Titolare del trattamento \u00e8 A+ Legal, con domicilio eletto in Milano, Via Fatebenefratelli n. 15, i cui dati di contatto sono:<br>indirizzo mail: epatti@apluslegal.eu<br>indirizzo pec: elisa.patti@milano.pecavvocati.it<br>numero di telefono: 02 32165858<br>A+ Legal ha nominato L&#8217;Avv. Elisa Patti quale responsabile della protezione dei dati personali (c.d. DPO).<\/h3>\n<h3><span id=\"Base-giuridica-del-trattamento\">Base giuridica del trattamento<\/span><\/h3>\n<h3>Il Titolare (o i soggetti da questo incaricati) tratta i dati personali forniti in modo lecito, laddove il trattamento:<br>\u2013 sia necessario all\u2019esecuzione dell\u2019incarico professionale, di un contratto di cui il Cliente \u00e8 parte o all\u2019esecuzione di misure precontrattuali adottate su richiesta;<br>\u2013 sia necessario per adempiere un obbligo legale incombente sui professionisti di A+ Legal;<br>\u2013 sia basato sul consenso espresso ad esempio per trattare dati particolari e\/o giudiziari eventualmente forniti.<\/h3>\n<h3><span id=\"Dati-oggetto-di-trattamento\">Dati oggetto di trattamento<\/span><\/h3>\n<h3><span id=\"Dati-di-navigazione\">Dati di navigazione<\/span><\/h3>\n<h3>I sistemi informatici e le procedure software preposte al funzionamento di questo sito acquisiscono, nel corso del loro normale esercizio, alcuni dati personali la cui trasmissione \u00e8 implicita nell\u2019uso dei protocolli di comunicazione di Internet. In questa categoria di dati rientrano gli indirizzi IP o i nomi a dominio dei computer e dei terminali utilizzati dagli utenti, gli indirizzi in notazione URI\/URL delle risorse richieste, l\u2019orario della richiesta, il metodo utilizzato nel sottoporre la richiesta al server, la dimensione del file ottenuto in risposta, il codice numerico indicante lo stato della risposta data dal server (buon fine, errore, ecc.) ed altri parametri relativi al sistema operativo e all\u2019ambiente informatico dell\u2019utente.<\/h3>\n<h3><span id=\"Dati-forniti-volontariamente-dallutente\">Dati forniti volontariamente dall\u2019utente<\/span><\/h3>\n<h3>L\u2019invio facoltativo, esplicito e volontario di posta elettronica agli indirizzi indicati su questo sito comporta la successiva acquisizione dell\u2019indirizzo del mittente, necessario per rispondere alle richieste, nonch\u00e9 degli eventuali altri dati personali inseriti nella comunicazione.&nbsp;<br>L\u2019utente si assume la responsabilit\u00e0 dei dati personali di terzi pubblicati o condivisi su questo sito e garantisce di avere il diritto di comunicarli o diffonderli, liberando il Titolare da qualsiasi responsabilit\u00e0 verso terzi.<\/h3>\n<h3><span id=\"Cookie-e-altri-sistemi-di-tracciamento\">Cookie e altri sistemi di tracciamento<\/span><\/h3>\n<h3>Nel presente sito non viene fatto uso di cookie per la profilazione degli utenti, n\u00e9 vengono impiegati altri metodi di tracciamento.<br>Viene invece fatto uso dei seguenti cookie secondo le modalit\u00e0 indicate nella relativa privacy policy fornita sul presente sito:<br>\u2022 cookie di sessione<br>\u2022 performance cookie<br>\u2022 flash cookie<\/h3>\n<h3><span id=\"Finalita-del-trattamento\">Finalit\u00e0 del trattamento<\/span><\/h3>\n<h3>I dati personali da forniti a A+ Legal, ovvero altrimenti acquisiti nel rispetto delle disposizioni legislative vigenti, formeranno oggetto di trattamento nel rispetto della normativa sopra richiamata e degli obblighi di riservatezza e di segreto professionale, esclusivamente per finalit\u00e0 di tipo legale in conformit\u00e0 allo scopo per cui verr\u00e0 conferito mandato e, comunque, per finalit\u00e0 connesse e\/o strumentali allo svolgimento degli incarichi professionali affidati ai professionisti di A+ Legal, escluso, pertanto, ogni utilizzo diverso e\/o confliggente con gli interessi del Cliente.<\/h3>\n<h3><span id=\"Modalita-di-trattamento\">Modalit\u00e0 di trattamento<\/span><\/h3>\n<h3>Il trattamento delle informazioni che riguardano l\u2019utente sar\u00e0 improntato ai principi di correttezza, liceit\u00e0, trasparenza e di tutela della riservatezza. Le informazioni saranno trattate e conservate con strumenti informatici e cartacei, mediante l\u2019utilizzo di strumenti e procedure idonee a garantirne la sicurezza e la riservatezza, con modalit\u00e0 strettamente necessarie a far fronte alle finalit\u00e0 di cui sopra.<\/h3>\n<h3><span id=\"Natura-del-conferimento-dei-dati\">Natura del conferimento dei dati<\/span><\/h3>\n<h3>A parte quanto specificato per i dati di navigazione, l\u2019utente \u00e8 libero di fornire i dati personali riportati nelle comunicazioni ad A+ Legal. Il loro mancato conferimento pu\u00f2 comportare l\u2019impossibilit\u00e0 di ottenere quanto richiesto. Con riguardo ai dati personali relativi all\u2019esecuzione del contratto di cui \u00e8 parte o relativi all\u2019adempimento ad un obbligo normativo (ad es. tenuta delle scritture contabili e fiscali), la mancata comunicazione dei dati personali impedisce il perfezionarsi del rapporto contrattuale stesso.<\/h3>\n<h3><span id=\"Periodo-di-conservazione-dei-dati\">Periodo di conservazione dei dati<\/span><\/h3>\n<h3>I dati personali, oggetto di trattamento per le finalit\u00e0 sopra indicate, saranno conservati per il periodo di durata dell\u2019incarico professionale e, successivamente, per il tempo richiesto da norme di legge o da regolamenti che prevedano obblighi di conservazione per finalit\u00e0 fiscali o per altre finalit\u00e0.<\/h3>\n<h3><span id=\"Comunicazione-dei-dati\">Comunicazione dei dati<\/span><\/h3>\n<h3>I dati personali forniti potranno essere comunicati ai seguenti soggetti determinati o determinabili:<br>\u2013 collaboratori e dipendenti di A+ Legal e consulenti e professionisti che eroghino prestazioni funzionali ai fini sopra indicati;<br>\u2013 istituti bancari e assicurativi che eroghino prestazioni funzionali ai fini sopra indicati;<br>\u2013 soggetti che elaborano i dati in esecuzione di specifici obblighi di legge;<br>\u2013 Autorit\u00e0 giudiziarie o amministrative, per l\u2019adempimento degli obblighi di legge.<\/h3>\n<h3><span id=\"Profilazione-e-diffusione-dei-dati\">Profilazione e diffusione dei dati<\/span><\/h3>\n<h3>I dati personali non sono e non saranno soggetti a diffusione n\u00e9 ad alcun processo decisionale interamente automatizzato, ivi compresa la profilazione.<\/h3>\n<h3><span id=\"Diritti-dellinteressato\">Diritti dell\u2019interessato<\/span><\/h3>\n<h3>Si segnala che tra i diritti riconosciuti al Cliente dal GDPR rientrano quelli di:<br>\u2013 chiedere al Titolare l\u2019accesso ai propri dati personali ed alle informazioni relative agli stessi, consistente nel diritto di ricevere una copia dei dati personali oggetto di trattamento;<br>\u2013 rettificare i dati inesatti o integrare quelli incompleti;<br>\u2013 chiedere la cancellazione dei dati personali che lo riguardano (al verificarsi di una delle condizioni indicate nell\u2019art. 17, par. 1 del GDPR e nel rispetto delle eccezioni previste nel par. 3 dello stesso articolo);<br>\u2013 limitare il trattamento dei dati personali forniti (al ricorrere di una delle ipotesi indicate nell\u2019art. 18, par. 1 del GDPR);<br>\u2013 richiedere ed ottenere \u2013 nelle ipotesi in cui la base giuridica del trattamento sia il contratto o il consenso, e lo stesso sia effettuato con mezzi automatizzati \u2013 i dati personali in un formato strutturato e leggibile da dispositivo automatico, anche al fine di comunicare tali dati ad un altro titolare del trattamento (c.d. diritto alla portabilit\u00e0 dei dati personali);<br>\u2013 opporsi in qualsiasi momento al trattamento dei dati personali al ricorrere di particolari situazioni;<br>\u2013 revocare il consenso al trattamento dei dati in qualsiasi momento, limitatamente alle ipotesi in cui il trattamento sia basato sul consenso per una o pi\u00f9 specifiche finalit\u00e0. Il trattamento basato sul consenso ed effettuato antecedentemente alla revoca dello stesso conserva, comunque, la sua liceit\u00e0;<br>\u2013 presentare reclamo all\u2019Autorit\u00e0 Garante per la protezione dei dati personali.<\/h3>\n<h3><span id=\"Modalita-di-esercizio-dei-diritti\">Modalit\u00e0 di esercizio dei diritti<\/span><\/h3>\n<h3>In qualsiasi momento \u00e8 riconosciuta al Cliente la facolt\u00e0 di esercitare i suddetti diritti rivolgendosi al Titolare del trattamento a mezzo mail all\u2019indirizzo epatti@apluslegal.eu o all\u2019indirizzo PEC: elisa.patti@milano.pecavvocati.it, oppure mediante raccomandata a.r. da inviare all\u2019indirizzo: Via Fatebenefratelli 15 &#8211; 20121 Milano.<\/h3>\n<h3><span id=\"Dettaglio-sullutilizzo-dei-cookie\">Dettaglio sull\u2019utilizzo dei cookie<\/span><\/h3>\n<h3><span id=\"Cosa-sono-i-cookie\">Cosa sono i cookie?<\/span><\/h3>\n<h3>I \u201ccookie\u201d sono stringhe di testo di piccola dimensione inviate da un server ad un Web client (di solito un browser) e poi rimandati indietro dal client al server (senza subire modifiche) ogni volta che il client accede alla stessa porzione dello stesso dominio web. In altre parole, si tratta delle tracce che ogni visitatore\/utente lascia sul web mentre naviga una pagina web.<br>Nel caso dei \u201ccookie di lunga durata\u201d queste tracce vengono conservate nella memoria interna del proprio computer o dispositivo mobile e, grazie ad essi, dopo una prima visita al sito il sistema sar\u00e0 in grado di riconoscere a ogni visita successiva l\u2019utente che \u00e8 gi\u00e0 stato su tale sito.<br>Nel caso, invece, dei \u201ccookie di sessione\u201d le informazioni non vengono memorizzate in modo persistente sul computer o dispositivo mobile dell\u2019utente, ma svaniscono con la fine di ogni sessione di navigazione.<br>Per maggiori informazioni:<\/h3>\n<h3><span id=\"Perche-utilizziamo-i-cookie\">Perch\u00e9 utilizziamo i cookie?<\/span><\/h3>\n<h3>A+ Legal&nbsp;utilizza i cookie sul proprio sito web per poter analizzare l\u2019accesso alle pagine web, personalizzare informazioni, contenuti e servizi e garantire ai visitatori\/utenti qualit\u00e0, fiducia e sicurezza.<br>Altres\u00ec, il sito di&nbsp;A+ Legal&nbsp;permette di rifiutare il tracciamento dei cookie, ma in questo caso potrebbe essere precluso l\u2019utilizzo di alcune funzionalit\u00e0. Ricordiamo che di \u201cdefault\u201d quasi tutti i browser web sono impostati per accettare automaticamente il tracciamento dei cookie.<br>I visitatori\/utenti possono comunque modificare la configurazione predefinita del proprio browser. Come gi\u00e0 precisato, la disabilitazione o la cancellazione dei cookie potrebbe per\u00f2 precludere la fruizione ottimale di alcune aree del sito di&nbsp;A+ Legal.<br>In ogni caso, se i visitatori\/utenti volessero decidere di volta in volta se accettare o meno i cookie, \u00e8 anche possibile configurare il proprio browser affinch\u00e9 generi un avviso ogni volta che viene salvato un cookie.<\/h3>\n<h3><span id=\"Quali-tipi-di-cookie-utilizza-studiolegalelbmgcom\">Quali tipi di cookie utilizza A+ Legal?<\/span><\/h3>\n<h3>Cookie essenziali<br>Questi cookie sono essenziali per consentirti di navigare nel Sito e utilizzarne tutte le funzionalit\u00e0. Senza questi cookie, che sono assolutamente necessari, non saremmo in grado di fornirti alcuni servizi o funzioni e la navigazione sul sito non sarebbe agevole e facile come dovrebbe essere.<br>Come gestire i cookie?<\/h3>\n<h3>Puoi rifiutare di accettare i cookie da questo sito in ogni momento semplicemente selezionando, sul tuo browser, le impostazioni che consentono di rifiutarli.<\/h3><h3>Cookie di terze parti<\/h3><h3>Il sito contiene collegamenti ad altri siti Web che dispongono di una propria informativa sulla privacy, queste informative sulla privacy possono essere diverse da quella adottata da A+ Legal, che quindi non risponde per Siti di terze parti.<br><\/h3><h3>Utilizzando il nostro sito, accetti che tali tipologie di cookie possono essere installati sul tuo computer o dispositivo mobile.<\/h3>\t\t\t\t\t\t\t\t<\/div>\n\t\t\t\t<\/div>\n\t\t\t\t\t<\/div>\n\t\t<\/div>\n\t\t\t\t\t<\/div>\n\t\t<\/section>\n\t\t\t\t<section class=\"elementor-section elementor-top-section elementor-element elementor-element-dead687 elementor-section-boxed elementor-section-height-default elementor-section-height-default\" data-id=\"dead687\" data-element_type=\"section\" data-e-type=\"section\">\n\t\t\t\t\t\t<div class=\"elementor-container elementor-column-gap-default\">\n\t\t\t\t\t<div class=\"elementor-column elementor-col-100 elementor-top-column elementor-element elementor-element-4285bbb\" data-id=\"4285bbb\" data-element_type=\"column\" data-e-type=\"column\" data-settings=\"{&quot;background_background&quot;:&quot;classic&quot;}\">\n\t\t\t<div class=\"elementor-widget-wrap elementor-element-populated\">\n\t\t\t\t\t\t\t<\/div>\n\t\t<\/div>\n\t\t\t\t\t<\/div>\n\t\t<\/section>\n\t\t\t\t<\/div>\n\t\t","protected":false},"excerpt":{"rendered":"<p>In A+ Legal, la tutela dei dati personali dei clienti \u00e8 una priorit\u00e0. Abbiamo sviluppato una policy sulla privacy completa e trasparente per garantire che i vostri dati siano sempre trattati con il massimo rispetto e in conformit\u00e0 con le normative vigenti. In questa sezione troverete tutte le informazioni necessarie per comprendere come gestiamo i [&hellip;]<\/p>\n","protected":false},"author":1,"featured_media":0,"parent":0,"menu_order":0,"comment_status":"closed","ping_status":"closed","template":"","meta":{"footnotes":""},"class_list":["post-251","page","type-page","status-publish","hentry"],"_links":{"self":[{"href":"https:\/\/apluslegal.eu\/it\/wp-json\/wp\/v2\/pages\/251","targetHints":{"allow":["GET"]}}],"collection":[{"href":"https:\/\/apluslegal.eu\/it\/wp-json\/wp\/v2\/pages"}],"about":[{"href":"https:\/\/apluslegal.eu\/it\/wp-json\/wp\/v2\/types\/page"}],"author":[{"embeddable":true,"href":"https:\/\/apluslegal.eu\/it\/wp-json\/wp\/v2\/users\/1"}],"replies":[{"embeddable":true,"href":"https:\/\/apluslegal.eu\/it\/wp-json\/wp\/v2\/comments?post=251"}],"version-history":[{"count":65,"href":"https:\/\/apluslegal.eu\/it\/wp-json\/wp\/v2\/pages\/251\/revisions"}],"predecessor-version":[{"id":1794,"href":"https:\/\/apluslegal.eu\/it\/wp-json\/wp\/v2\/pages\/251\/revisions\/1794"}],"wp:attachment":[{"href":"https:\/\/apluslegal.eu\/it\/wp-json\/wp\/v2\/media?parent=251"}],"curies":[{"name":"wp","href":"https:\/\/api.w.org\/{rel}","templated":true}]}}