{"id":486,"date":"2022-12-21T23:24:53","date_gmt":"2022-12-21T23:24:53","guid":{"rendered":"https:\/\/apluslegal.eu\/?page_id=486"},"modified":"2023-12-09T18:54:43","modified_gmt":"2023-12-09T18:54:43","slug":"elementor-486","status":"publish","type":"page","link":"https:\/\/apluslegal.eu\/fr\/elementor-486","title":{"rendered":"Rejoignez-Nous"},"content":{"rendered":"<div data-elementor-type=\"wp-post\" data-elementor-id=\"486\" class=\"elementor elementor-486\" data-elementor-post-type=\"page\">\n\t\t\t\t\t\t<section class=\"elementor-section elementor-top-section elementor-element elementor-element-3340bfe elementor-section-boxed elementor-section-height-default elementor-section-height-default\" data-id=\"3340bfe\" data-element_type=\"section\" data-e-type=\"section\">\n\t\t\t\t\t\t<div class=\"elementor-container elementor-column-gap-default\">\n\t\t\t\t\t<div class=\"elementor-column elementor-col-100 elementor-top-column elementor-element elementor-element-2177a9d\" data-id=\"2177a9d\" data-element_type=\"column\" data-e-type=\"column\" data-settings=\"{&quot;background_background&quot;:&quot;classic&quot;}\">\n\t\t\t<div class=\"elementor-widget-wrap elementor-element-populated\">\n\t\t\t\t\t\t\t<\/div>\n\t\t<\/div>\n\t\t\t\t\t<\/div>\n\t\t<\/section>\n\t\t\t\t<section class=\"elementor-section elementor-top-section elementor-element elementor-element-2ff7816b elementor-section-boxed elementor-section-height-default elementor-section-height-default\" data-id=\"2ff7816b\" data-element_type=\"section\" data-e-type=\"section\">\n\t\t\t\t\t\t<div class=\"elementor-container elementor-column-gap-default\">\n\t\t\t\t\t<div class=\"elementor-column elementor-col-50 elementor-top-column elementor-element elementor-element-337cff9f\" data-id=\"337cff9f\" data-element_type=\"column\" data-e-type=\"column\">\n\t\t\t<div class=\"elementor-widget-wrap elementor-element-populated\">\n\t\t\t\t\t\t<div class=\"elementor-element elementor-element-5c8a97d4 elementor-widget elementor-widget-image\" data-id=\"5c8a97d4\" data-element_type=\"widget\" data-e-type=\"widget\" data-widget_type=\"image.default\">\n\t\t\t\t<div class=\"elementor-widget-container\">\n\t\t\t\t\t\t\t\t\t\t\t\t\t\t\t<img fetchpriority=\"high\" decoding=\"async\" width=\"512\" height=\"512\" src=\"https:\/\/apluslegal.eu\/wp-content\/uploads\/2023\/04\/download-5.png\" class=\"attachment-large size-large wp-image-1553\" alt=\"\" srcset=\"https:\/\/apluslegal.eu\/wp-content\/uploads\/2023\/04\/download-5.png 512w, https:\/\/apluslegal.eu\/wp-content\/uploads\/2023\/04\/download-5-300x300.png 300w, https:\/\/apluslegal.eu\/wp-content\/uploads\/2023\/04\/download-5-150x150.png 150w, https:\/\/apluslegal.eu\/wp-content\/uploads\/2023\/04\/download-5-12x12.png 12w\" sizes=\"(max-width: 512px) 100vw, 512px\" \/>\t\t\t\t\t\t\t\t\t\t\t\t\t\t\t<\/div>\n\t\t\t\t<\/div>\n\t\t\t\t\t<\/div>\n\t\t<\/div>\n\t\t\t\t<div class=\"elementor-column elementor-col-50 elementor-top-column elementor-element elementor-element-bb7eb11\" data-id=\"bb7eb11\" data-element_type=\"column\" data-e-type=\"column\">\n\t\t\t<div class=\"elementor-widget-wrap elementor-element-populated\">\n\t\t\t\t\t\t<div class=\"elementor-element elementor-element-5179a02d elementor-widget elementor-widget-text-editor\" data-id=\"5179a02d\" data-element_type=\"widget\" data-e-type=\"widget\" data-widget_type=\"text-editor.default\">\n\t\t\t\t<div class=\"elementor-widget-container\">\n\t\t\t\t\t\t\t\t\t<h5>Nous sommes toujours \u00e0 la recherche de jeunes avocats avec qui \u00e9tablir une collaboration professionnelle qui refl\u00e8te l'objectif du Cabinet d\u2019offrir un excellent conseil juridique.<\/h5>\n<h3>Si vous \u00eates int\u00e9ress\u00e9, envoyez votre CV avec l'autorisation au traitement des donn\u00e9es personnelles \u00e0 l'adresse email suivante :\u00a0&nbsp;<\/h3>\n<h3><em style=\"color: var( --e-global-color-primary ); letter-spacing: 0.6px;\">fdamico@apluslegal.eu &#8211; epatti@apluslegal.eu&nbsp;<\/em><\/h3>\t\t\t\t\t\t\t\t<\/div>\n\t\t\t\t<\/div>\n\t\t\t\t\t<\/div>\n\t\t<\/div>\n\t\t\t\t\t<\/div>\n\t\t<\/section>\n\t\t\t\t<section class=\"elementor-section elementor-top-section elementor-element elementor-element-decdeaf elementor-section-boxed elementor-section-height-default elementor-section-height-default\" data-id=\"decdeaf\" data-element_type=\"section\" data-e-type=\"section\">\n\t\t\t\t\t\t<div class=\"elementor-container elementor-column-gap-default\">\n\t\t\t\t\t<div class=\"elementor-column elementor-col-100 elementor-top-column elementor-element elementor-element-7c9c178\" data-id=\"7c9c178\" data-element_type=\"column\" data-e-type=\"column\" data-settings=\"{&quot;background_background&quot;:&quot;classic&quot;}\">\n\t\t\t<div class=\"elementor-widget-wrap elementor-element-populated\">\n\t\t\t\t\t\t\t<\/div>\n\t\t<\/div>\n\t\t\t\t\t<\/div>\n\t\t<\/section>\n\t\t\t\t<\/div>","protected":false},"excerpt":{"rendered":"<p>Siamo sempre alla ricerca di giovani professionisti con cui instaurare una collaborazione professionale che rispecchi l&#8217;obiettivo dello studio di fornire assistenza legale d&#8217;eccellenza Se sei interessato, manda il tuo CV con l&#8217;autorizzazione al trattamento dei dati personali al seguente indirizzo di posta elettronica:&nbsp; fdamico@apluslegal.eu &#8211; epatti@apluslegal.eu&nbsp;<\/p>","protected":false},"author":1,"featured_media":0,"parent":0,"menu_order":0,"comment_status":"closed","ping_status":"closed","template":"","meta":{"footnotes":""},"class_list":["post-486","page","type-page","status-publish","hentry"],"_links":{"self":[{"href":"https:\/\/apluslegal.eu\/fr\/wp-json\/wp\/v2\/pages\/486","targetHints":{"allow":["GET"]}}],"collection":[{"href":"https:\/\/apluslegal.eu\/fr\/wp-json\/wp\/v2\/pages"}],"about":[{"href":"https:\/\/apluslegal.eu\/fr\/wp-json\/wp\/v2\/types\/page"}],"author":[{"embeddable":true,"href":"https:\/\/apluslegal.eu\/fr\/wp-json\/wp\/v2\/users\/1"}],"replies":[{"embeddable":true,"href":"https:\/\/apluslegal.eu\/fr\/wp-json\/wp\/v2\/comments?post=486"}],"version-history":[{"count":47,"href":"https:\/\/apluslegal.eu\/fr\/wp-json\/wp\/v2\/pages\/486\/revisions"}],"predecessor-version":[{"id":1767,"href":"https:\/\/apluslegal.eu\/fr\/wp-json\/wp\/v2\/pages\/486\/revisions\/1767"}],"wp:attachment":[{"href":"https:\/\/apluslegal.eu\/fr\/wp-json\/wp\/v2\/media?parent=486"}],"curies":[{"name":"wp","href":"https:\/\/api.w.org\/{rel}","templated":true}]}}