{"id":1942,"date":"2024-09-09T18:14:19","date_gmt":"2024-09-09T18:14:19","guid":{"rendered":"https:\/\/apluslegal.eu\/?page_id=1942"},"modified":"2024-09-09T18:20:29","modified_gmt":"2024-09-09T18:20:29","slug":"nina-parisi","status":"publish","type":"page","link":"https:\/\/apluslegal.eu\/fr\/team\/nina-parisi","title":{"rendered":"Nina Parisi"},"content":{"rendered":"<div data-elementor-type=\"wp-page\" data-elementor-id=\"1942\" class=\"elementor elementor-1942\" data-elementor-post-type=\"page\">\n\t\t\t\t\t\t<section class=\"elementor-section elementor-top-section elementor-element elementor-element-a900fe7 elementor-section-boxed elementor-section-height-default elementor-section-height-default\" data-id=\"a900fe7\" data-element_type=\"section\" data-e-type=\"section\">\n\t\t\t\t\t\t<div class=\"elementor-container elementor-column-gap-default\">\n\t\t\t\t\t<div class=\"elementor-column elementor-col-100 elementor-top-column elementor-element elementor-element-184057b\" data-id=\"184057b\" data-element_type=\"column\" data-e-type=\"column\" data-settings=\"{&quot;background_background&quot;:&quot;classic&quot;}\">\n\t\t\t<div class=\"elementor-widget-wrap elementor-element-populated\">\n\t\t\t\t\t\t\t<\/div>\n\t\t<\/div>\n\t\t\t\t\t<\/div>\n\t\t<\/section>\n\t\t\t\t<section class=\"elementor-section elementor-top-section elementor-element elementor-element-ea3bd8c elementor-section-boxed elementor-section-height-default elementor-section-height-default\" data-id=\"ea3bd8c\" data-element_type=\"section\" data-e-type=\"section\">\n\t\t\t\t\t\t<div class=\"elementor-container elementor-column-gap-default\">\n\t\t\t\t\t<div class=\"elementor-column elementor-col-50 elementor-top-column elementor-element elementor-element-660d549\" data-id=\"660d549\" data-element_type=\"column\" data-e-type=\"column\">\n\t\t\t<div class=\"elementor-widget-wrap elementor-element-populated\">\n\t\t\t\t\t\t<div class=\"elementor-element elementor-element-519bb62 elementor-widget elementor-widget-image\" data-id=\"519bb62\" data-element_type=\"widget\" data-e-type=\"widget\" data-widget_type=\"image.default\">\n\t\t\t\t<div class=\"elementor-widget-container\">\n\t\t\t\t\t\t\t\t\t\t\t\t\t\t\t<img fetchpriority=\"high\" decoding=\"async\" width=\"199\" height=\"300\" src=\"https:\/\/apluslegal.eu\/wp-content\/uploads\/2024\/05\/Senza-titolo-1-199x300.png\" class=\"attachment-medium size-medium wp-image-1892\" alt=\"\" srcset=\"https:\/\/apluslegal.eu\/wp-content\/uploads\/2024\/05\/Senza-titolo-1-199x300.png 199w, https:\/\/apluslegal.eu\/wp-content\/uploads\/2024\/05\/Senza-titolo-1-8x12.png 8w, https:\/\/apluslegal.eu\/wp-content\/uploads\/2024\/05\/Senza-titolo-1.png 312w\" sizes=\"(max-width: 199px) 100vw, 199px\" \/>\t\t\t\t\t\t\t\t\t\t\t\t\t\t\t<\/div>\n\t\t\t\t<\/div>\n\t\t\t\t\t<\/div>\n\t\t<\/div>\n\t\t\t\t<div class=\"elementor-column elementor-col-50 elementor-top-column elementor-element elementor-element-fc764f0\" data-id=\"fc764f0\" data-element_type=\"column\" data-e-type=\"column\">\n\t\t\t<div class=\"elementor-widget-wrap elementor-element-populated\">\n\t\t\t\t\t\t<div class=\"elementor-element elementor-element-9d5cf53 elementor-widget elementor-widget-text-editor\" data-id=\"9d5cf53\" data-element_type=\"widget\" data-e-type=\"widget\" data-widget_type=\"text-editor.default\">\n\t\t\t\t<div class=\"elementor-widget-container\">\n\t\t\t\t\t\t\t\t\t<h5>Nina Parisi<\/h5><h6><b><i>Stagiaire<\/i><\/b><\/h6><h6>T: +39 02 321.658.58<\/h6><h6 style=\"line-height: 18.75pt; background-image: initial; background-position: initial; background-size: initial; background-repeat: initial; background-attachment: initial; background-origin: initial; background-clip: initial;\">F: +39 02 321.658.29<\/h6><h6>M: +39\u00a0366 3888009<\/h6><h6>Via Fatebenefratelli 15<\/h6><h6>20121, Milan<\/h6>\t\t\t\t\t\t\t\t<\/div>\n\t\t\t\t<\/div>\n\t\t\t\t\t<\/div>\n\t\t<\/div>\n\t\t\t\t\t<\/div>\n\t\t<\/section>\n\t\t\t\t<section class=\"elementor-section elementor-top-section elementor-element elementor-element-322b110 elementor-section-boxed elementor-section-height-default elementor-section-height-default\" data-id=\"322b110\" data-element_type=\"section\" data-e-type=\"section\">\n\t\t\t\t\t\t<div class=\"elementor-container elementor-column-gap-default\">\n\t\t\t\t\t<div class=\"elementor-column elementor-col-100 elementor-top-column elementor-element elementor-element-e184307\" data-id=\"e184307\" data-element_type=\"column\" data-e-type=\"column\">\n\t\t\t<div class=\"elementor-widget-wrap elementor-element-populated\">\n\t\t\t\t\t\t<div class=\"elementor-element elementor-element-6c69ecf elementor-widget elementor-widget-text-editor\" data-id=\"6c69ecf\" data-element_type=\"widget\" data-e-type=\"widget\" data-widget_type=\"text-editor.default\">\n\t\t\t\t<div class=\"elementor-widget-container\">\n\t\t\t\t\t\t\t\t\t<h6>Nina est en maitrise de Droit \u00e0 l'Universit\u00e9 Catholique de Milan et collabore avec A+ Legal en effectuant des recherches en jurisprudence et en doctrine dans toutes les mati\u00e8res trait\u00e9es par le Cabinet, avec une attention particuli\u00e8re pour le droit de l'art.<\/h6><h6>Elle collabore \u00e9galement avec les associ\u00e9s du cabinet dans l'ex\u00e9cution des due diligence dans les op\u00e9rations extraordinaires et en tant que backofficer dans les proc\u00e9dures de restructuration des dettes ainsi qu\u2019en mati\u00e8re contentieuse.<\/h6><h6>Stagiaire<\/h6><h6>Langues: Italien et anglais.<\/h6>\t\t\t\t\t\t\t\t<\/div>\n\t\t\t\t<\/div>\n\t\t\t\t\t<\/div>\n\t\t<\/div>\n\t\t\t\t\t<\/div>\n\t\t<\/section>\n\t\t\t\t<section class=\"elementor-section elementor-top-section elementor-element elementor-element-97c3ebe elementor-section-boxed elementor-section-height-default elementor-section-height-default\" data-id=\"97c3ebe\" data-element_type=\"section\" data-e-type=\"section\">\n\t\t\t\t\t\t<div class=\"elementor-container elementor-column-gap-default\">\n\t\t\t\t\t<div class=\"elementor-column elementor-col-100 elementor-top-column elementor-element elementor-element-df17657\" data-id=\"df17657\" data-element_type=\"column\" data-e-type=\"column\" data-settings=\"{&quot;background_background&quot;:&quot;classic&quot;}\">\n\t\t\t<div class=\"elementor-widget-wrap elementor-element-populated\">\n\t\t\t\t\t\t\t<\/div>\n\t\t<\/div>\n\t\t\t\t\t<\/div>\n\t\t<\/section>\n\t\t\t\t<\/div>","protected":false},"excerpt":{"rendered":"<p>Nina Parisi Stagiere T: +39 02 321.658.58 F: +39 02 321.658.29 M: +39\u00a0366 3888009 Via Fatebenefratelli 15 20121, Milano Nina \u00e8 laureanda in giurisprudenza presso l\u2019Universit\u00e0 Cattolica di Milano e collabora con A+ Legal eseguendo ricerche in giurisprudenza e dottrina in tutte le materie trattate, con un particolare focus per il diritto dell\u2019arte. Collabora con [&hellip;]<\/p>\n","protected":false},"author":1,"featured_media":0,"parent":55,"menu_order":0,"comment_status":"closed","ping_status":"closed","template":"","meta":{"footnotes":""},"class_list":["post-1942","page","type-page","status-publish","hentry"],"_links":{"self":[{"href":"https:\/\/apluslegal.eu\/fr\/wp-json\/wp\/v2\/pages\/1942","targetHints":{"allow":["GET"]}}],"collection":[{"href":"https:\/\/apluslegal.eu\/fr\/wp-json\/wp\/v2\/pages"}],"about":[{"href":"https:\/\/apluslegal.eu\/fr\/wp-json\/wp\/v2\/types\/page"}],"author":[{"embeddable":true,"href":"https:\/\/apluslegal.eu\/fr\/wp-json\/wp\/v2\/users\/1"}],"replies":[{"embeddable":true,"href":"https:\/\/apluslegal.eu\/fr\/wp-json\/wp\/v2\/comments?post=1942"}],"version-history":[{"count":4,"href":"https:\/\/apluslegal.eu\/fr\/wp-json\/wp\/v2\/pages\/1942\/revisions"}],"predecessor-version":[{"id":1947,"href":"https:\/\/apluslegal.eu\/fr\/wp-json\/wp\/v2\/pages\/1942\/revisions\/1947"}],"up":[{"embeddable":true,"href":"https:\/\/apluslegal.eu\/fr\/wp-json\/wp\/v2\/pages\/55"}],"wp:attachment":[{"href":"https:\/\/apluslegal.eu\/fr\/wp-json\/wp\/v2\/media?parent=1942"}],"curies":[{"name":"wp","href":"https:\/\/api.w.org\/{rel}","templated":true}]}}