{"id":1811,"date":"2024-04-30T15:43:38","date_gmt":"2024-04-30T15:43:38","guid":{"rendered":"https:\/\/apluslegal.eu\/?page_id=1811"},"modified":"2024-07-21T10:18:35","modified_gmt":"2024-07-21T10:18:35","slug":"elisa-patti","status":"publish","type":"page","link":"https:\/\/apluslegal.eu\/fr\/team\/elisa-patti","title":{"rendered":"Elisa Patti"},"content":{"rendered":"<div data-elementor-type=\"wp-page\" data-elementor-id=\"1811\" class=\"elementor elementor-1811\" data-elementor-post-type=\"page\">\n\t\t\t\t\t\t<section class=\"elementor-section elementor-top-section elementor-element elementor-element-a900fe7 elementor-section-boxed elementor-section-height-default elementor-section-height-default\" data-id=\"a900fe7\" data-element_type=\"section\" data-e-type=\"section\">\n\t\t\t\t\t\t<div class=\"elementor-container elementor-column-gap-default\">\n\t\t\t\t\t<div class=\"elementor-column elementor-col-100 elementor-top-column elementor-element elementor-element-184057b\" data-id=\"184057b\" data-element_type=\"column\" data-e-type=\"column\" data-settings=\"{&quot;background_background&quot;:&quot;classic&quot;}\">\n\t\t\t<div class=\"elementor-widget-wrap elementor-element-populated\">\n\t\t\t\t\t\t\t<\/div>\n\t\t<\/div>\n\t\t\t\t\t<\/div>\n\t\t<\/section>\n\t\t\t\t<section class=\"elementor-section elementor-top-section elementor-element elementor-element-c5a3a5e elementor-section-boxed elementor-section-height-default elementor-section-height-default\" data-id=\"c5a3a5e\" data-element_type=\"section\" data-e-type=\"section\">\n\t\t\t\t\t\t<div class=\"elementor-container elementor-column-gap-default\">\n\t\t\t\t\t<div class=\"elementor-column elementor-col-50 elementor-top-column elementor-element elementor-element-2c26584\" data-id=\"2c26584\" data-element_type=\"column\" data-e-type=\"column\">\n\t\t\t<div class=\"elementor-widget-wrap elementor-element-populated\">\n\t\t\t\t\t\t<div class=\"elementor-element elementor-element-cb430f9 elementor-widget elementor-widget-image\" data-id=\"cb430f9\" data-element_type=\"widget\" data-e-type=\"widget\" data-widget_type=\"image.default\">\n\t\t\t\t<div class=\"elementor-widget-container\">\n\t\t\t\t\t\t\t\t\t\t\t\t\t\t\t<img fetchpriority=\"high\" decoding=\"async\" width=\"233\" height=\"300\" src=\"https:\/\/apluslegal.eu\/wp-content\/uploads\/2022\/12\/Team-Eli-1-1-233x300.jpeg\" class=\"attachment-medium size-medium wp-image-136\" alt=\"\" srcset=\"https:\/\/apluslegal.eu\/wp-content\/uploads\/2022\/12\/Team-Eli-1-1-233x300.jpeg 233w, https:\/\/apluslegal.eu\/wp-content\/uploads\/2022\/12\/Team-Eli-1-1-795x1024.jpeg 795w, https:\/\/apluslegal.eu\/wp-content\/uploads\/2022\/12\/Team-Eli-1-1-768x989.jpeg 768w, https:\/\/apluslegal.eu\/wp-content\/uploads\/2022\/12\/Team-Eli-1-1-1193x1536.jpeg 1193w, https:\/\/apluslegal.eu\/wp-content\/uploads\/2022\/12\/Team-Eli-1-1-1591x2048.jpeg 1591w, https:\/\/apluslegal.eu\/wp-content\/uploads\/2022\/12\/Team-Eli-1-1-scaled.jpeg 1988w\" sizes=\"(max-width: 233px) 100vw, 233px\" \/>\t\t\t\t\t\t\t\t\t\t\t\t\t\t\t<\/div>\n\t\t\t\t<\/div>\n\t\t\t\t\t<\/div>\n\t\t<\/div>\n\t\t\t\t<div class=\"elementor-column elementor-col-50 elementor-top-column elementor-element elementor-element-7b0d6b3\" data-id=\"7b0d6b3\" data-element_type=\"column\" data-e-type=\"column\">\n\t\t\t<div class=\"elementor-widget-wrap elementor-element-populated\">\n\t\t\t\t\t\t<div class=\"elementor-element elementor-element-85acf10 elementor-widget elementor-widget-text-editor\" data-id=\"85acf10\" data-element_type=\"widget\" data-e-type=\"widget\" data-widget_type=\"text-editor.default\">\n\t\t\t\t<div class=\"elementor-widget-container\">\n\t\t\t\t\t\t\t\t\t<h5>Elisa Patti<br \/>Partenaire<\/h5><h6>T: +39 02 321.658.58<\/h6><h6>F: +39 02 321.658.29<\/h6><h6>M: +39 328 1686709<\/h6><h6>E: epatti@apluslegal.eu\u00a0<\/h6><h6>Via Fatebenefratelli 15<\/h6><h6>20121, Milan<\/h6>\t\t\t\t\t\t\t\t<\/div>\n\t\t\t\t<\/div>\n\t\t\t\t\t<\/div>\n\t\t<\/div>\n\t\t\t\t\t<\/div>\n\t\t<\/section>\n\t\t\t\t<section class=\"elementor-section elementor-top-section elementor-element elementor-element-ea8b568 elementor-section-boxed elementor-section-height-default elementor-section-height-default\" data-id=\"ea8b568\" data-element_type=\"section\" data-e-type=\"section\">\n\t\t\t\t\t\t<div class=\"elementor-container elementor-column-gap-default\">\n\t\t\t\t\t<div class=\"elementor-column elementor-col-100 elementor-top-column elementor-element elementor-element-869b4c9\" data-id=\"869b4c9\" data-element_type=\"column\" data-e-type=\"column\">\n\t\t\t<div class=\"elementor-widget-wrap elementor-element-populated\">\n\t\t\t\t\t\t<div class=\"elementor-element elementor-element-d2d0eee elementor-widget elementor-widget-text-editor\" data-id=\"d2d0eee\" data-element_type=\"widget\" data-e-type=\"widget\" data-widget_type=\"text-editor.default\">\n\t\t\t\t<div class=\"elementor-widget-container\">\n\t\t\t\t\t\t\t\t\t<h6>Elisa conseille et repr\u00e9sente entrepreneurs et groupes de soci\u00e9t\u00e9s dans le cadre de litiges civils, commerciaux et corporate devant les cours de toute ordre et degr\u00e9 ou devant les arbitres, ainsi que dans le cadre des restructurations des soci\u00e9t\u00e9s en difficult\u00e9, de traitement \u00e0 l\u2019amiable des situations de crise ou de proc\u00e9dures de liquidation judiciaire.<\/h6><h6>La large exp\u00e9rience d'Elisa lui permet d'offrir aux Clients d'A+ Legal la plus-value d'une approche toujours consciente des risques impliqu\u00e9s dans chaque op\u00e9ration.\u00a0<\/h6><h6>Elisa est responsable du d\u00e9partement du contentieux et arbitrage et avec Francesca du d\u00e9partement restructuration des entreprises en difficult\u00e9s.<\/h6><h6>Avocat, admise \u00e0 l'Ordre des Avocats de Milan et de la Cour de Cassation.<\/h6><h6>Langues: Italien, anglais et fran\u00e7ais.<\/h6>\t\t\t\t\t\t\t\t<\/div>\n\t\t\t\t<\/div>\n\t\t\t\t\t<\/div>\n\t\t<\/div>\n\t\t\t\t\t<\/div>\n\t\t<\/section>\n\t\t\t\t<section class=\"elementor-section elementor-top-section elementor-element elementor-element-97c3ebe elementor-section-boxed elementor-section-height-default elementor-section-height-default\" data-id=\"97c3ebe\" data-element_type=\"section\" data-e-type=\"section\">\n\t\t\t\t\t\t<div class=\"elementor-container elementor-column-gap-default\">\n\t\t\t\t\t<div class=\"elementor-column elementor-col-100 elementor-top-column elementor-element elementor-element-df17657\" data-id=\"df17657\" data-element_type=\"column\" data-e-type=\"column\" data-settings=\"{&quot;background_background&quot;:&quot;classic&quot;}\">\n\t\t\t<div class=\"elementor-widget-wrap elementor-element-populated\">\n\t\t\t\t\t\t\t<\/div>\n\t\t<\/div>\n\t\t\t\t\t<\/div>\n\t\t<\/section>\n\t\t\t\t<\/div>","protected":false},"excerpt":{"rendered":"<p>Elisa PattiPartner T: +39 02 321.658.58 F: +39 02 321.658.29 M: +39 328 1686709 E: epatti@apluslegal.eu\u00a0 Via Fatebenefratelli 15 20121, Milano Elisa difende e rappresenta imprenditori e gruppi di societ\u00e0 sia in controversie civili, commerciali e societarie dinnanzi a giudici di ogni ordine e grado nel contesto di procedure per la ristrutturazione del debito anche [&hellip;]<\/p>\n","protected":false},"author":1,"featured_media":0,"parent":55,"menu_order":0,"comment_status":"closed","ping_status":"closed","template":"","meta":{"footnotes":""},"class_list":["post-1811","page","type-page","status-publish","hentry"],"_links":{"self":[{"href":"https:\/\/apluslegal.eu\/fr\/wp-json\/wp\/v2\/pages\/1811","targetHints":{"allow":["GET"]}}],"collection":[{"href":"https:\/\/apluslegal.eu\/fr\/wp-json\/wp\/v2\/pages"}],"about":[{"href":"https:\/\/apluslegal.eu\/fr\/wp-json\/wp\/v2\/types\/page"}],"author":[{"embeddable":true,"href":"https:\/\/apluslegal.eu\/fr\/wp-json\/wp\/v2\/users\/1"}],"replies":[{"embeddable":true,"href":"https:\/\/apluslegal.eu\/fr\/wp-json\/wp\/v2\/comments?post=1811"}],"version-history":[{"count":37,"href":"https:\/\/apluslegal.eu\/fr\/wp-json\/wp\/v2\/pages\/1811\/revisions"}],"predecessor-version":[{"id":1937,"href":"https:\/\/apluslegal.eu\/fr\/wp-json\/wp\/v2\/pages\/1811\/revisions\/1937"}],"up":[{"embeddable":true,"href":"https:\/\/apluslegal.eu\/fr\/wp-json\/wp\/v2\/pages\/55"}],"wp:attachment":[{"href":"https:\/\/apluslegal.eu\/fr\/wp-json\/wp\/v2\/media?parent=1811"}],"curies":[{"name":"wp","href":"https:\/\/api.w.org\/{rel}","templated":true}]}}