{"id":11,"date":"2022-12-14T16:14:19","date_gmt":"2022-12-14T16:14:19","guid":{"rendered":"https:\/\/apluslegal.eu\/?page_id=11"},"modified":"2025-01-06T21:32:03","modified_gmt":"2025-01-06T21:32:03","slug":"home","status":"publish","type":"page","link":"https:\/\/apluslegal.eu\/fr\/","title":{"rendered":"Accueil"},"content":{"rendered":"<div data-elementor-type=\"wp-post\" data-elementor-id=\"11\" class=\"elementor elementor-11\" data-elementor-post-type=\"page\">\n\t\t\t\t\t\t<section class=\"elementor-section elementor-top-section elementor-element elementor-element-f829ecf elementor-section-boxed elementor-section-height-default elementor-section-height-default\" data-id=\"f829ecf\" data-element_type=\"section\" data-e-type=\"section\">\n\t\t\t\t\t\t<div class=\"elementor-container elementor-column-gap-default\">\n\t\t\t\t\t<div class=\"elementor-column elementor-col-100 elementor-top-column elementor-element elementor-element-c0a0959\" data-id=\"c0a0959\" data-element_type=\"column\" data-e-type=\"column\" data-settings=\"{&quot;background_background&quot;:&quot;classic&quot;}\">\n\t\t\t<div class=\"elementor-widget-wrap elementor-element-populated\">\n\t\t\t\t\t\t\t<\/div>\n\t\t<\/div>\n\t\t\t\t\t<\/div>\n\t\t<\/section>\n\t\t\t\t<section class=\"elementor-section elementor-top-section elementor-element elementor-element-3931153 elementor-section-boxed elementor-section-height-default elementor-section-height-default\" data-id=\"3931153\" data-element_type=\"section\" data-e-type=\"section\" data-settings=\"{&quot;background_background&quot;:&quot;classic&quot;}\">\n\t\t\t\t\t\t<div class=\"elementor-container elementor-column-gap-default\">\n\t\t\t\t\t<div class=\"elementor-column elementor-col-100 elementor-top-column elementor-element elementor-element-ad8063e\" data-id=\"ad8063e\" data-element_type=\"column\" data-e-type=\"column\">\n\t\t\t<div class=\"elementor-widget-wrap elementor-element-populated\">\n\t\t\t\t\t\t<div class=\"elementor-element elementor-element-e64f874 elementor-absolute elementor-widget-tablet__width-initial elementor-widget-mobile__width-initial elementor-widget elementor-widget-text-editor\" data-id=\"e64f874\" data-element_type=\"widget\" data-e-type=\"widget\" data-settings=\"{&quot;_position&quot;:&quot;absolute&quot;}\" data-widget_type=\"text-editor.default\">\n\t\t\t\t<div class=\"elementor-widget-container\">\n\t\t\t\t\t\t\t\t\t<h2 style=\"text-align: left;\"><span style=\"color: #ffffff;\">A+ Legal<\/span><\/h2>\n<h3><\/h3>\n<h3 style=\"text-align: center;\"><span style=\"color: #ffffff;\"><span style=\"caret-color: #ffffff;\"><i>\"Cela semble toujours impossible, jusqu\u2019\u00e0 ce qu\u2019on le fasse\"<\/span><\/span><\/span><\/h3>\n<h3 style=\"text-align: right;\"><span style=\"color: #ffffff;\">\u00a0 \u00a0 (Nelson Mandela)<\/span><\/h3>\t\t\t\t\t\t\t\t<\/div>\n\t\t\t\t<\/div>\n\t\t\t\t\t<\/div>\n\t\t<\/div>\n\t\t\t\t\t<\/div>\n\t\t<\/section>\n\t\t\t\t<section class=\"elementor-section elementor-top-section elementor-element elementor-element-a4e3f7e elementor-section-boxed elementor-section-height-default elementor-section-height-default\" data-id=\"a4e3f7e\" data-element_type=\"section\" data-e-type=\"section\">\n\t\t\t\t\t\t<div class=\"elementor-container elementor-column-gap-default\">\n\t\t\t\t\t<div class=\"elementor-column elementor-col-100 elementor-top-column elementor-element elementor-element-c258c7d\" data-id=\"c258c7d\" data-element_type=\"column\" data-e-type=\"column\">\n\t\t\t<div class=\"elementor-widget-wrap elementor-element-populated\">\n\t\t\t\t\t\t<div class=\"elementor-element elementor-element-1f2437c elementor-widget elementor-widget-text-editor\" data-id=\"1f2437c\" data-element_type=\"widget\" data-e-type=\"widget\" data-widget_type=\"text-editor.default\">\n\t\t\t\t<div class=\"elementor-widget-container\">\n\t\t\t\t\t\t\t\t\t<h5><span style=\"vertical-align: inherit;\"><span class=\"\" style=\"vertical-align: inherit;\"><span style=\"vertical-align: inherit;\"><span style=\"vertical-align: inherit;\">A+ Legal est une boutique de droit qui se propose comme point de r\u00e9f\u00e9rences pour les entreprises et les sujets priv\u00e9s qui agissent en Italie ou \u00e0 l\u2019international.<\/span><\/span><\/span><\/span><\/h5>\n<h3><span style=\"vertical-align: inherit;\"><span class=\"\" style=\"vertical-align: inherit;\"><span style=\"vertical-align: inherit;\"><span style=\"vertical-align: inherit;\">L'objectif de A+ Legal est d'offrir conseil juridique et expertise d'excellence, personnalis\u00e9e et concentr\u00e9e sur les besoins des clients afin d\u2019atteindre leurs objectifs.<\/span><\/span><\/span><\/span><\/h3>\n<h3><span class=\"\">A+ Legal est tr\u00e8s attentive aux \u00e9volutions technologiques afin d'affiner l'efficacit\u00e9 des services offerts et d'assurer la plus haute protection juridique et la confidentialit\u00e9 des informations des Clients, en valorisant leur atout le plus important.<\/span><\/h3>\t\t\t\t\t\t\t\t<\/div>\n\t\t\t\t<\/div>\n\t\t\t\t\t<\/div>\n\t\t<\/div>\n\t\t\t\t\t<\/div>\n\t\t<\/section>\n\t\t\t\t<section class=\"elementor-section elementor-top-section elementor-element elementor-element-b45ec59 elementor-section-boxed elementor-section-height-default elementor-section-height-default\" data-id=\"b45ec59\" data-element_type=\"section\" data-e-type=\"section\">\n\t\t\t\t\t\t<div class=\"elementor-container elementor-column-gap-default\">\n\t\t\t\t\t<div class=\"elementor-column elementor-col-100 elementor-top-column elementor-element elementor-element-b1f6121\" data-id=\"b1f6121\" data-element_type=\"column\" data-e-type=\"column\" data-settings=\"{&quot;background_background&quot;:&quot;classic&quot;}\">\n\t\t\t<div class=\"elementor-widget-wrap elementor-element-populated\">\n\t\t\t\t\t\t\t<\/div>\n\t\t<\/div>\n\t\t\t\t\t<\/div>\n\t\t<\/section>\n\t\t\t\t<section class=\"elementor-section elementor-top-section elementor-element elementor-element-d4abe67 elementor-section-boxed elementor-section-height-default elementor-section-height-default\" data-id=\"d4abe67\" data-element_type=\"section\" data-e-type=\"section\">\n\t\t\t\t\t\t<div class=\"elementor-container elementor-column-gap-default\">\n\t\t\t\t\t<div class=\"elementor-column elementor-col-50 elementor-top-column elementor-element elementor-element-80e2b2d\" data-id=\"80e2b2d\" data-element_type=\"column\" data-e-type=\"column\">\n\t\t\t<div class=\"elementor-widget-wrap elementor-element-populated\">\n\t\t\t\t\t\t<div class=\"elementor-element elementor-element-c8dbab9 elementor-widget elementor-widget-image\" data-id=\"c8dbab9\" data-element_type=\"widget\" data-e-type=\"widget\" data-widget_type=\"image.default\">\n\t\t\t\t<div class=\"elementor-widget-container\">\n\t\t\t\t\t\t\t\t\t\t\t\t<figure class=\"wp-caption\">\n\t\t\t\t\t\t\t\t\t\t\t<a href=\"https:\/\/apluslegal.eu\/team\">\n\t\t\t\t\t\t\t<img fetchpriority=\"high\" decoding=\"async\" width=\"512\" height=\"512\" src=\"https:\/\/apluslegal.eu\/wp-content\/uploads\/2023\/04\/352592d4-b04c-4736-bedb-651f0df7e3f4.png\" class=\"attachment-large size-large wp-image-1453\" alt=\"\" srcset=\"https:\/\/apluslegal.eu\/wp-content\/uploads\/2023\/04\/352592d4-b04c-4736-bedb-651f0df7e3f4.png 512w, https:\/\/apluslegal.eu\/wp-content\/uploads\/2023\/04\/352592d4-b04c-4736-bedb-651f0df7e3f4-300x300.png 300w, https:\/\/apluslegal.eu\/wp-content\/uploads\/2023\/04\/352592d4-b04c-4736-bedb-651f0df7e3f4-150x150.png 150w, https:\/\/apluslegal.eu\/wp-content\/uploads\/2023\/04\/352592d4-b04c-4736-bedb-651f0df7e3f4-12x12.png 12w\" sizes=\"(max-width: 512px) 100vw, 512px\" \/>\t\t\t\t\t\t\t\t<\/a>\n\t\t\t\t\t\t\t\t\t\t\t<figcaption class=\"widget-image-caption wp-caption-text\">\u00c9quipe<\/figcaption>\n\t\t\t\t\t\t\t\t\t\t<\/figure>\n\t\t\t\t\t\t\t\t\t<\/div>\n\t\t\t\t<\/div>\n\t\t\t\t\t<\/div>\n\t\t<\/div>\n\t\t\t\t<div class=\"elementor-column elementor-col-50 elementor-top-column elementor-element elementor-element-868a84a\" data-id=\"868a84a\" data-element_type=\"column\" data-e-type=\"column\">\n\t\t\t<div class=\"elementor-widget-wrap elementor-element-populated\">\n\t\t\t\t\t\t<div class=\"elementor-element elementor-element-7e4ef29 elementor-widget elementor-widget-text-editor\" data-id=\"7e4ef29\" data-element_type=\"widget\" data-e-type=\"widget\" data-widget_type=\"text-editor.default\">\n\t\t\t\t<div class=\"elementor-widget-container\">\n\t\t\t\t\t\t\t\t\t<h5><b>Le cabinet est dirig\u00e9 par deux partenaires ayant une solide exp\u00e9rience en mati\u00e8re d\u2019op\u00e9rations extraordinaires, contentieux et gestion des crises d'entreprise.<\/b><\/h5>\n<h3><span style=\"color: #000000; font-family: 'Open Sans Hebrew Condensed', sans-serif; font-size: 22px; letter-spacing: 1.5px; word-spacing: 3px;\">L'\u00e9quipe d'A+ Legal est compos\u00e9e d'avocats ayant exp\u00e9rience dans diff\u00e9rents domaines du droit afin de joindre leurs comp\u00e9tences et d'offrir un service global et personnalis\u00e9.<\/span><\/h3>\t\t\t\t\t\t\t\t<\/div>\n\t\t\t\t<\/div>\n\t\t\t\t\t<\/div>\n\t\t<\/div>\n\t\t\t\t\t<\/div>\n\t\t<\/section>\n\t\t\t\t<section class=\"elementor-section elementor-top-section elementor-element elementor-element-d1b6cb0 elementor-section-boxed elementor-section-height-default elementor-section-height-default\" data-id=\"d1b6cb0\" data-element_type=\"section\" data-e-type=\"section\">\n\t\t\t\t\t\t<div class=\"elementor-container elementor-column-gap-default\">\n\t\t\t\t\t<div class=\"elementor-column elementor-col-100 elementor-top-column elementor-element elementor-element-c381f6f\" data-id=\"c381f6f\" data-element_type=\"column\" data-e-type=\"column\">\n\t\t\t<div class=\"elementor-widget-wrap elementor-element-populated\">\n\t\t\t\t\t\t<div class=\"elementor-element elementor-element-5adf01b elementor-widget elementor-widget-spacer\" data-id=\"5adf01b\" data-element_type=\"widget\" data-e-type=\"widget\" data-widget_type=\"spacer.default\">\n\t\t\t\t<div class=\"elementor-widget-container\">\n\t\t\t\t\t\t\t<div class=\"elementor-spacer\">\n\t\t\t<div class=\"elementor-spacer-inner\"><\/div>\n\t\t<\/div>\n\t\t\t\t\t\t<\/div>\n\t\t\t\t<\/div>\n\t\t\t\t\t<\/div>\n\t\t<\/div>\n\t\t\t\t\t<\/div>\n\t\t<\/section>\n\t\t\t\t<section class=\"elementor-section elementor-top-section elementor-element elementor-element-43803e7 elementor-section-boxed elementor-section-height-default elementor-section-height-default\" data-id=\"43803e7\" data-element_type=\"section\" data-e-type=\"section\">\n\t\t\t\t\t\t<div class=\"elementor-container elementor-column-gap-default\">\n\t\t\t\t\t<div class=\"elementor-column elementor-col-50 elementor-top-column elementor-element elementor-element-77788a9\" data-id=\"77788a9\" data-element_type=\"column\" data-e-type=\"column\">\n\t\t\t<div class=\"elementor-widget-wrap elementor-element-populated\">\n\t\t\t\t\t\t<div class=\"elementor-element elementor-element-b983555 elementor-widget elementor-widget-image\" data-id=\"b983555\" data-element_type=\"widget\" data-e-type=\"widget\" data-widget_type=\"image.default\">\n\t\t\t\t<div class=\"elementor-widget-container\">\n\t\t\t\t\t\t\t\t\t\t\t\t<figure class=\"wp-caption\">\n\t\t\t\t\t\t\t\t\t\t\t<a href=\"https:\/\/apluslegal.eu\/attivita\">\n\t\t\t\t\t\t\t<img decoding=\"async\" width=\"512\" height=\"512\" src=\"https:\/\/apluslegal.eu\/wp-content\/uploads\/2023\/04\/download-3.png\" class=\"attachment-large size-large wp-image-1501\" alt=\"\" srcset=\"https:\/\/apluslegal.eu\/wp-content\/uploads\/2023\/04\/download-3.png 512w, https:\/\/apluslegal.eu\/wp-content\/uploads\/2023\/04\/download-3-300x300.png 300w, https:\/\/apluslegal.eu\/wp-content\/uploads\/2023\/04\/download-3-150x150.png 150w, https:\/\/apluslegal.eu\/wp-content\/uploads\/2023\/04\/download-3-12x12.png 12w\" sizes=\"(max-width: 512px) 100vw, 512px\" \/>\t\t\t\t\t\t\t\t<\/a>\n\t\t\t\t\t\t\t\t\t\t\t<figcaption class=\"widget-image-caption wp-caption-text\">Activit\u00e9 <\/figcaption>\n\t\t\t\t\t\t\t\t\t\t<\/figure>\n\t\t\t\t\t\t\t\t\t<\/div>\n\t\t\t\t<\/div>\n\t\t\t\t\t<\/div>\n\t\t<\/div>\n\t\t\t\t<div class=\"elementor-column elementor-col-50 elementor-top-column elementor-element elementor-element-1e35da8\" data-id=\"1e35da8\" data-element_type=\"column\" data-e-type=\"column\">\n\t\t\t<div class=\"elementor-widget-wrap elementor-element-populated\">\n\t\t\t\t\t\t<div class=\"elementor-element elementor-element-bd5f905 elementor-widget elementor-widget-text-editor\" data-id=\"bd5f905\" data-element_type=\"widget\" data-e-type=\"widget\" data-widget_type=\"text-editor.default\">\n\t\t\t\t<div class=\"elementor-widget-container\">\n\t\t\t\t\t\t\t\t\t<h5><b>L\u2019expertise du Cabinet inclut entre autres le droit des affaires et des soci\u00e9t\u00e9s, le M&amp;A, le contentieux civil et commercial, la gestion des situations de crise des entreprises, la compliance, le droit social, le droit publique.<\/b><\/h5>\n<h3>En outre, dans les domaines sp\u00e9cifiques non couverts par l'expertise de nos collaborateurs, tels que le droit p\u00e9nal ou la propri\u00e9t\u00e9 intellectuelle, A+ Legal peut compter sur un r\u00e9seau bien \u00e9tabli d\u2019avocats experts pour offrir \u00e0 ses Clients une assistance compl\u00e8te et hautement qualifi\u00e9e.<\/h3>\n<h3>Le cabinet dispose \u00e9galement d'un French Desk<\/h3>\t\t\t\t\t\t\t\t<\/div>\n\t\t\t\t<\/div>\n\t\t\t\t\t<\/div>\n\t\t<\/div>\n\t\t\t\t\t<\/div>\n\t\t<\/section>\n\t\t\t\t<\/div>","protected":false},"excerpt":{"rendered":"<p>A+ Legal &#8220;It always seems impossible until it&#8217;s done&#8221; \u00a0 \u00a0 (Nelson Mandela) A+ Legal \u00e8 una boutique legale che si propone come punto di riferimento per Clienti corporate e privati, operanti sia a livello nazionali che internazionale. L&#8217;obiettivo di A+ Legal \u00e8 di offrire assistenza legale d&#8217;eccellenza, personalizzata e focalizzata sul raggiungimento degli obiettivi [&hellip;]<\/p>\n","protected":false},"author":1,"featured_media":0,"parent":0,"menu_order":0,"comment_status":"closed","ping_status":"closed","template":"","meta":{"footnotes":""},"class_list":["post-11","page","type-page","status-publish","hentry"],"_links":{"self":[{"href":"https:\/\/apluslegal.eu\/fr\/wp-json\/wp\/v2\/pages\/11","targetHints":{"allow":["GET"]}}],"collection":[{"href":"https:\/\/apluslegal.eu\/fr\/wp-json\/wp\/v2\/pages"}],"about":[{"href":"https:\/\/apluslegal.eu\/fr\/wp-json\/wp\/v2\/types\/page"}],"author":[{"embeddable":true,"href":"https:\/\/apluslegal.eu\/fr\/wp-json\/wp\/v2\/users\/1"}],"replies":[{"embeddable":true,"href":"https:\/\/apluslegal.eu\/fr\/wp-json\/wp\/v2\/comments?post=11"}],"version-history":[{"count":335,"href":"https:\/\/apluslegal.eu\/fr\/wp-json\/wp\/v2\/pages\/11\/revisions"}],"predecessor-version":[{"id":2052,"href":"https:\/\/apluslegal.eu\/fr\/wp-json\/wp\/v2\/pages\/11\/revisions\/2052"}],"wp:attachment":[{"href":"https:\/\/apluslegal.eu\/fr\/wp-json\/wp\/v2\/media?parent=11"}],"curies":[{"name":"wp","href":"https:\/\/api.w.org\/{rel}","templated":true}]}}